{"id":3422,"date":"2020-07-06T12:25:29","date_gmt":"2020-07-06T12:25:29","guid":{"rendered":"https:\/\/vesaniart.com\/?page_id=3422"},"modified":"2022-12-11T10:31:18","modified_gmt":"2022-12-11T10:31:18","slug":"curriculum-bio","status":"publish","type":"page","link":"https:\/\/vesaniart.com\/en\/artistas\/valeria-pesce\/curriculum-bio","title":{"rendered":"Curriculum\/Bio"},"content":{"rendered":"<p>[vc_row css_animation=&#8221;&#8221; row_type=&#8221;row&#8221; use_row_as_full_screen_section=&#8221;no&#8221; type=&#8221;full_width&#8221; angled_section=&#8221;no&#8221; text_align=&#8221;left&#8221; background_image_as_pattern=&#8221;without_pattern&#8221;][vc_column width=&#8221;1\/4&#8243;][vc_single_image image=&#8221;3384&#8243; img_size=&#8221;full&#8221; alignment=&#8221;center&#8221; qode_css_animation=&#8221;&#8221;][vc_empty_space][\/vc_column][vc_column width=&#8221;3\/4&#8243;][vc_column_text]VALERIA PESCE<br \/>\n(Sardinia, Italy 1963)<\/p>\n<p>&nbsp;<\/p>\n<p>Born in Sardinia (Italy) in 1963, Valeria Pesce has been living in Barcelona (Spain) since 1991.<\/p>\n<p>Her background is in graphic design (European Design Institute in Cagliari and Fashion Institute of Technology in New York), but in recent years she has focussed exclusively on painting.<\/p>\n<p>The sea and nature in general exert a clear influence on her painting, with water and fishes playing a particularly important part. Her fishes float weightlessly in a liquid sky, an amniotic space in continuous movement where colours are the vectors of emotions and feelings. A realistic and oneiric figuration at the same time, yielding a reality in constant movement and transformation. Nothing remains as it is, everything flows and everything is transformed. Fishes are light and silent spots of colour, elusive and fleeting as thoughts and life itself.<\/p>\n<p>Valeria works with oil on wood, enabling the nature of wood to intervene and enrich her paintings, turning the work into a living piece. Her work features a distinctive, exquisite compositional pattern and colour palette.<\/p>\n<p>&#8220;Acque Celestiali&#8221;, the exclusive collection created for VESANIART Art Gallery, is an essential and minimalist series of 10 original pieces, where Valeria Pesce paints abstract water in all its mesmerizing aquatic colour range. Immersed in colour are the artist\u2019s signature goldfishes.<\/p>\n<p>Her paintings are in private collections in Germany, France, Switzerland, Italy, Spain, England, New Zealand, the United States, Hong Kong, and Switzerland.<\/p>\n<p>&nbsp;<\/p>\n<p>EXHIBITIONS<\/p>\n<p>2019<\/p>\n<p>\u201cDelicartessen18\u201d \/ Group exhibition, Galer\u00eda Esther Montoriol, Barcelona, Espa\u00f1a<\/p>\n<p>\u201c\u00daltima colectiva de la d\u00e9cada\u201d \/ Group exhibition, Galer\u00eda Espai B, Barcelona, Espa\u00f1a<\/p>\n<p>2018<\/p>\n<p>\u201cFlower Flow\u201d \/ Group exhibition, Eclectic gallery, London, Inglaterra<\/p>\n<p>2017<\/p>\n<p>&#8220;Cosmologia Pescina&#8221; \/ Solo exhibition, Hotel Aquadulci, Sardinia, Italia<\/p>\n<p>20 meters Wall painting for Hotel Aquadulci, Sardinia, Italia<\/p>\n<p>2016<\/p>\n<p>&#8220;Svelati&#8221; \/ Group exhibition. T Hotel, Cagliari, Italia<\/p>\n<p>2015<\/p>\n<p>&#8220;Colectiva de Navidad&#8221;\/ Group exhibition, Galer\u00eda ESPAI B, Barcelona, Espa\u00f1a<\/p>\n<p>2014<\/p>\n<p>&#8220;In movimiento\u201d\/ Solo exhibition. Akashi Gallery Barcelona, Espa\u00f1a<\/p>\n<p>2013<\/p>\n<p>\u201cAlta Marea\u201d \/ Solo exhibition. Hotel Italia, Cagliari, Italia<br \/>\n\u201cSirenes\u201d Espai B \/ 2 artists exhibition, Barcelona, Espa\u00f1a<br \/>\n\u201cNel Sogno dei Pesci\u201d \/ 2 artists exhibition, Centro Ayurveda, Cagliari, Italia<\/p>\n<p>\u201cIl sensibile e il sensuale\u201d \/ Group exhibition. Palazzo Regie Poste, Cagliari, Italia<\/p>\n<p>2011<\/p>\n<p>\u201cCollettiva scollegata\u201d Studio Ricetto, Cagliari, Italia<\/p>\n<p>2010<\/p>\n<p>\u201cColectiva de Nadal\u201d \/ Group exhibition Espai B, Barcelona, Espa\u00f1a<br \/>\n\u201cHorror Vacui\u201d \/ Group exhibition, Galer\u00eda Montcada, Barcelona, Espa\u00f1a<br \/>\n\u201cMa\u00e7art 13\u201d\/ Group exhibition, Arte transfronterizo. Ma\u00e7anet, Le Perthus Francia<br \/>\n\u201cRecicl\u2019art\u201d \/ Group exhibition, Recycled Art, Restaurant Silenus, Barcelona, Espa\u00f1a<br \/>\n\u201cRegards from Barcelona\u201d \/ Group exhibition, Galer\u00eda Montcada, Barcelona, Espa\u00f1a<\/p>\n<p>2009<\/p>\n<p>\u201cCogito ergo sumo\u201d\u00a0 \/ Solo exhibition. Galleria Spazio P, Cagliari, Italia<\/p>\n<p>2008<\/p>\n<p>\u201cPesci qua e l\u00e0\u201d \/ Solo exhibition, Galleria Spazio P, Cagliari, Italia<br \/>\nWorkshop \u201cArtita 08\u201d, Pirano, Slovenia<\/p>\n<p>2007<\/p>\n<p>\u201cCol.lectiva de Nadal\u201d \/ Group exhibition Galer\u00eda Espai B, Barcelona, Espa\u00f1a<br \/>\n\u201cCol.lectiva d\u2019estiu\u201d\/ Group exhibition Galer\u00eda Espai B, Barcelona, Espa\u00f1a<br \/>\n\u201cPiscis\u201d \/ Solo exhibition, Anaconda, Milano, Italia<br \/>\n\u201cPiscis\u201d \/ Solo exhibition,\u00a0 Anaconda Atelier, Paris, Francia<\/p>\n<p>2006<\/p>\n<p>Workshop \u201cSeveria Art Gallery\u201d Koper, Eslovenia<br \/>\nK\u00fcnstler Symposion Saarmesse, Saarbr\u00fccken, Alemania<br \/>\nGuest in TV programm \u201cItalospagnolo\u201dwith Fabio Volo, MTV Italia<br \/>\n\u201cAzzurro e salato, ma non troppo\u201d \/ Solo exhibition, Spazio P, Cagliari, Italia<\/p>\n<p>2005<\/p>\n<p>\u201cFlores y otros bichos de mi jard\u00edn\u201d \/ Solo exhibition, Galleria Small Bob, Cagliari, Italia<br \/>\n\u201cL\u2019eros degli artisti\u201d \/ Group exhibition, Galleria Small Bob Caf\u00e9, Cagliari, Italia<\/p>\n<p>2004<br \/>\nColectiva \/ Espai Gorina, Sant Cugat del Vall\u00e9s, Espa\u00f1a<\/p>\n<p>\u201cValeria Pesce\u201d\/ Solo exhibition, Hotel Cristal Palace, Barcelona, Espa\u00f1a<\/p>\n<p>2003<\/p>\n<p>\u201cPinturas acu\u00e1ticas\u201d\/ Solo exhibition. Restaurant Silenus, Barcelona, Espa\u00f1a<br \/>\n\u201cCollettiva di maggio\u201d \/ Group exhibition, Galleria Borgogno, Milano, Italia<\/p>\n<p>2001<\/p>\n<p>\u201cValeria Pesce\u201d\/ Solo exhibition. Galer\u00eda Montcada Taller. Barcelona, Espa\u00f1a<\/p>\n<p>2000<\/p>\n<p>\u201cVersi\u00f3 Femenina\u201d\/ Group exhibition Centre Civic Pati Llimona, Barcelona, Espa\u00f1a<br \/>\n\u201cAcercamientos\u201d\/ Solo exhibition. Restaurant Silenus, Barcelona. Espa\u00f1a<br \/>\n\u201cTodos bajo el sol\u201d\/ Solo exhibition. Circolo Wadada, Rimini, Italia<\/p>\n<p>1999<\/p>\n<p>\u201cValeria Pesce\u201d\/ Solo exhibition, Sala Jassera Can Fest\u00eds, San Sadurn\u00ed de Anoia, Espa\u00f1a<br \/>\nColectiva \/ Group exhibition Manel Castell\u00e0, Barcelona, Espa\u00f1a<\/p>\n<p>1998<\/p>\n<p>&#8220;Circoli viziosi&#8221;\/ Solo exhibition, Restaurant Silenus, Barcelona, Espa\u00f1a<br \/>\n&#8220;Col.lectiva d&#8217;Hivern IV&#8221; \/ Group exhibition, Galer\u00eda Safia, Barcelona, Espa\u00f1a<br \/>\n15\u00e8 HipermercArt Vin\u00e7on \/ Group exhibition, Barcelona, Espa\u00f1a[\/vc_column_text][\/vc_column][\/vc_row][vc_row css_animation=&#8221;&#8221; row_type=&#8221;row&#8221; use_row_as_full_screen_section=&#8221;no&#8221; type=&#8221;full_width&#8221; angled_section=&#8221;no&#8221; text_align=&#8221;left&#8221; background_image_as_pattern=&#8221;without_pattern&#8221;][vc_column][vc_empty_space][\/vc_column][\/vc_row]<\/p>\n","protected":false},"excerpt":{"rendered":"[vc_row css_animation=&#8221;&#8221; row_type=&#8221;row&#8221; use_row_as_full_screen_section=&#8221;no&#8221; type=&#8221;full_width&#8221; angled_section=&#8221;no&#8221; text_align=&#8221;left&#8221; background_image_as_pattern=&#8221;without_pattern&#8221;][vc_column width=&#8221;1\/4&#8243;][vc_single_image image=&#8221;3384&#8243; img_size=&#8221;full&#8221; alignment=&#8221;center&#8221; qode_css_animation=&#8221;&#8221;][vc_empty_space][\/vc_column][vc_column width=&#8221;3\/4&#8243;][vc_column_text]VALERIA PESCE (Sardinia, Italy 1963) &nbsp; Born in Sardinia (Italy) in 1963, Valeria Pesce has been living in Barcelona (Spain) since 1991. Her background is in graphic design (European Design Institute in Cagliari and Fashion Institute of Technology in New York), but in recent years she has focussed exclusively on painting. The sea and nature in general exert a clear influence on&#8230;","protected":false},"author":1,"featured_media":0,"parent":1361,"menu_order":0,"comment_status":"closed","ping_status":"closed","template":"","meta":{"footnotes":"","_links_to":"","_links_to_target":""},"_links":{"self":[{"href":"https:\/\/vesaniart.com\/en\/wp-json\/wp\/v2\/pages\/3422"}],"collection":[{"href":"https:\/\/vesaniart.com\/en\/wp-json\/wp\/v2\/pages"}],"about":[{"href":"https:\/\/vesaniart.com\/en\/wp-json\/wp\/v2\/types\/page"}],"author":[{"embeddable":true,"href":"https:\/\/vesaniart.com\/en\/wp-json\/wp\/v2\/users\/1"}],"replies":[{"embeddable":true,"href":"https:\/\/vesaniart.com\/en\/wp-json\/wp\/v2\/comments?post=3422"}],"version-history":[{"count":22,"href":"https:\/\/vesaniart.com\/en\/wp-json\/wp\/v2\/pages\/3422\/revisions"}],"predecessor-version":[{"id":5110,"href":"https:\/\/vesaniart.com\/en\/wp-json\/wp\/v2\/pages\/3422\/revisions\/5110"}],"up":[{"embeddable":true,"href":"https:\/\/vesaniart.com\/en\/wp-json\/wp\/v2\/pages\/1361"}],"wp:attachment":[{"href":"https:\/\/vesaniart.com\/en\/wp-json\/wp\/v2\/media?parent=3422"}],"curies":[{"name":"wp","href":"https:\/\/api.w.org\/{rel}","templated":true}]}}