{"id":2679,"date":"2019-09-18T16:44:53","date_gmt":"2019-09-18T16:44:53","guid":{"rendered":"https:\/\/vesaniart.com\/?page_id=2679"},"modified":"2022-12-11T10:21:32","modified_gmt":"2022-12-11T10:21:32","slug":"curriculum-bio","status":"publish","type":"page","link":"https:\/\/vesaniart.com\/en\/artistas\/rafael-alvarado\/curriculum-bio","title":{"rendered":"Curriculum\/Bio"},"content":{"rendered":"<p>[vc_row css_animation=&#8221;&#8221; row_type=&#8221;row&#8221; use_row_as_full_screen_section=&#8221;no&#8221; type=&#8221;full_width&#8221; angled_section=&#8221;no&#8221; text_align=&#8221;left&#8221; background_image_as_pattern=&#8221;without_pattern&#8221;][vc_column width=&#8221;1\/4&#8243;][vc_single_image image=&#8221;3154&#8243; img_size=&#8221;full&#8221; alignment=&#8221;center&#8221; qode_css_animation=&#8221;&#8221;][vc_empty_space][\/vc_column][vc_column width=&#8221;3\/4&#8243;][vc_column_text]RAFAEL ALVARADO<br \/>\n(Malaga, Spain 1957)<\/p>\n<p>&nbsp;<\/p>\n<p><strong>INDIVIDUAL EXHIBITIONS<\/strong><\/p>\n<p>1982- Exhibition Hall of the House of Culture, M\u00e1laga<\/p>\n<p>1983- Exhibition Hall of the Savings Bank of Antequera. Malaga<\/p>\n<p>&#8211; Palmo Collective Gallery, Malaga.<\/p>\n<p>&#8211; Exhibition Hall of the Provincial Savings Bank, V\u00e9lez-M\u00e1laga<\/p>\n<p>1986-Chamber of the Diputaci\u00f3n de M\u00e1laga<\/p>\n<p>1987-Malaga Athenaeum Exhibition Hall<\/p>\n<p>-Vel\u00e1zquez Gallery, Valladolid.<\/p>\n<p>&#8211; &#8220;White Nights&#8221;,\u00a0 Macarr\u00f3n Gallery, Madrid.<\/p>\n<p>1989-Portraits.Terral. M\u00e1laga.<\/p>\n<p>&#8211; II Caminetto, Madrid.<\/p>\n<p>1991-Leaves and Branches. Gallery of the College of Architects of Malaga.<\/p>\n<p>1992-Night. Exhibition Hall of the Ben\u00edel Palace. Velez-Malaga<\/p>\n<p>&#8211; &#8220;Of the Ephemeral&#8221;, Chamber of the Diputaci\u00f3n de M\u00e1laga.<\/p>\n<p>&#8211; Workshop &#8220;Gravura\u00b4\u00b4, M\u00e1laga.<\/p>\n<p>1993-Swooping flight. Nerja Art Hall. Malaga.<\/p>\n<p>&#8211; Bocetos &#8220;, \u00c1rbol de Poe bookshop.<\/p>\n<p>&#8211; &#8220;White Series&#8221;, Unicaja Exhibition Hall,\u00a0 Antequera,\u00a0 M\u00e1laga.<\/p>\n<p>&#8211; &#8220;White Shadows\u2018 Provincial Museum of Fine Arts, M\u00e1laga.<\/p>\n<p>1996-Recent Work. Alfredo Vi\u00f1as Gallery. Malaga.<\/p>\n<p>2001-Presence-Absences. Exhibition Hall of the Cultural Center, Diputaci\u00f3n of Malaga.<\/p>\n<p>2004-Intimate portraits. San Telmo art school. M\u00e1laga.<\/p>\n<p>2005-Landscapes of Silence. Casa Fuerte de Bezmiliana. Rinc\u00f3n de la Victoria. M\u00e1laga.<\/p>\n<p>2007-Papers for all. Chamber of Civic Center Diputaci\u00f3n de M\u00e1laga.<\/p>\n<p>2008-Busy Spaces. Poster Gallery .M\u00e1laga<\/p>\n<p>&#8211; Bezmiliana High School. Rinc\u00f3n de la Victoria. M\u00e1laga<\/p>\n<p>2009-Shadows Revealed. Ben Al Jatif High School. Rinc\u00f3n de la Victoria. M\u00e1laga.<\/p>\n<p>2011-Puerta de la Axarqu\u00eda High School. Rinc\u00f3n de la Victoria.<\/p>\n<p>&#8211; &#8220;Wandering Shadows&#8221; San Telmo Art School. Malaga.<\/p>\n<p>2013-Confidential Papers 1985-2013 Retrospective. MUPAM. Municipal Heritage Museum of Malaga.<\/p>\n<p>2017-The journey \u00b4\u00b4Shadows that inhabit \u00b4\u00b42016-2017. Admiral Partners Contemporary Art. Exhibition Palace Convent of Santo Domingo. (Ronda) Malaga.<\/p>\n<p>2018 -Black on black, MAD Antequera, M\u00e1laga<\/p>\n<p><strong>\u00a0<\/strong><\/p>\n<p><strong>\u00a0<\/strong><\/p>\n<p><strong>\u00a0<\/strong><\/p>\n<p><strong>COLLECTIVE EXHIBITIONS<\/strong><\/p>\n<p>1982-Palace of the C\u00f3nsula. Malaga<\/p>\n<p>1985-Cabildo Insular of the Grand Canary Islands. Las Palmas.<\/p>\n<p>1986-Palmo Collective.<\/p>\n<p>&#8211; Self-portraits- College of Architects of M\u00e1laga.<\/p>\n<p>&#8211; Arisen in Malaga. Bullring of M\u00e1laga.<\/p>\n<p>&#8211; From the South-Tribute to Van Gogh. Delegation of M\u00e1laga.<\/p>\n<p>1987- Carmen de Juli\u00e1n M\u00e1laga Gallery.<\/p>\n<p>&#8211; The Male-The Female. Museum of Fine Arts. M\u00e1laga.<\/p>\n<p>&#8211; Contemporary art, acquisitions and donations. Museum of Fine Arts. M\u00e1laga.<\/p>\n<p>1988-The Art of Building Art. College of Architects of Malaga.<\/p>\n<p>1991- &#8220;Del Natural&#8221; College of Architects of Malaga.<\/p>\n<p>1994- &#8220;Territory of creation&#8221;. Provincial Council of Malaga.<\/p>\n<p>-Solstice Marine Cemetery &#8220;. Tribute to Paul Valery. M\u00e1laga<\/p>\n<p>1995-South Art. Granada Fair.<\/p>\n<p>&#8211; &#8220;About Figuration&#8221; Alfredo Vi\u00f1as Gallery. M\u00e1laga and Seville<\/p>\n<p>&#8211; &#8220;Terre d\u00b4acqua&#8221; Bienale Internazionale d\u00b4arte, Italy.<\/p>\n<p>&#8211; &#8220;Supermarket of Art&#8221; La Buena Estrella Gallery. Malaga.<\/p>\n<p>&#8211; &#8220;Contemporary Malaga painters&#8221; Co\u00edn. M\u00e1laga.<\/p>\n<p>&#8211; &#8220;Artists of Malaga today&#8221; House of Culture, Dresden, Germany.<\/p>\n<p>&#8211; &#8220;Contemporary Painting in Malaga&#8221; Sala Alameda. Provincial Council<\/p>\n<p>1996- &#8220;Mail Art&#8221; Tribute to Juan Ram\u00f3n Jim\u00e9nez. Fernando Serrano Gallery. Huelva.<\/p>\n<p>2000-Fires of San Telmo Commissioner. New Headquarters of the Athenaeum of Malaga.<\/p>\n<p>&#8211; &#8220;Arco&#8221;\u00a0 Picasso Foundation, CD-ROM Scholarships, Madrid.<\/p>\n<p>Arte Gallery Artece. Marbella. M\u00e1laga.<\/p>\n<p>2004-Drawings. Gravura Workshop. Malaga.<\/p>\n<p>&#8211; &#8220;Arc&#8221;. Sample: how the small is large. Provincial Council. Malaga.<\/p>\n<p>2006- &#8220;25 years of the Gravura Workshop&#8221; Alameda Exhibition Hall. Provincial Council of Malaga.<\/p>\n<p>2007- &#8220;Graphic Work&#8221; Collection of the Provincial Council of Malaga. Cultural Center.<\/p>\n<p>2008-Graph for a crisis. Gravura Workshop,\u00a0 Malaga.<\/p>\n<p>2009-Contemporary Art Funds 1979-2009.Provincial Council of Malaga<\/p>\n<p>\u201cCalle 238\u201d. Gravura workshop. Malaga<\/p>\n<p>2011-From drawing to engraving. Cervantes Institute. Tolouse. France<\/p>\n<p>&#8220;Five sheets&#8221;. Gravura workshop. Malaga<\/p>\n<p>2012-East or East. Alhaur\u00edn el Grande library exhibition hall. Malaga.<\/p>\n<p>&#8211; &#8220;30 years 7 months 5 days&#8221;, Rafael Alvarado, Sebasti\u00e1n Navas and Chema Lumbrera. The study of Ignacio del Rio. Malaga.<\/p>\n<p>&#8211; &#8220;Floating art&#8221;, Black Space Exhibition hall. Malaga.<\/p>\n<p>&#8211; &#8220;Clippings&#8221;, Gravura workshop. Malaga.<\/p>\n<p>&#8211; &#8220;Neighbors&#8221;, CAC M\u00e1laga (Center for contemporary art).<\/p>\n<p>2013-Tribute to Carlos Duran. Alfredo Vi\u00f1as Gallery. Malaga.<\/p>\n<p>2014-Mediterranean Art 14.Art Project Mediapresse INEWS. ZURICH<\/p>\n<p>&#8211; Interlines&#8217; collective exhibition gallery KUNSTHAUS AM LOHRBERG in Frankfurt (Germany).<\/p>\n<p>&#8211; OK Project OKUPART 2015 MAUS-SOHO. Barrio de las Artes M\u00e1laga.<\/p>\n<p>&#8211; \u201cIrreconcilable\u201d. Provincial Cultural Center. M\u00e1laga.<\/p>\n<p>&#8211; \u201cUrban Utopias\u201d .MUPAM. M\u00e1laga.<\/p>\n<p>2015-Cantos Rodados. MAD Antequera M\u00e1laga.<\/p>\n<p>&#8211; &#8220;Artist Furniture&#8221; .MUPAM. Malaga.<\/p>\n<p>&#8211; \u201cMade in Spain\u201d .CAC. Malaga.<\/p>\n<p>&#8211; &#8220;Focus Europa Ars&#8221;. Plassenburg, Kulmbach, Germany.<\/p>\n<p>&#8211; Internationale Kunstausstellung. Neudrossenfeld Bavaria Germany.<\/p>\n<p>&#8211; \u201cImago Mundi.\u201d Benetton Foundation. Giorgio Cini. Venice Biennial. Italy.<\/p>\n<p>&#8211; \u201cThreads.\u201d Gravura Workshop Gallery. Malaga.<\/p>\n<p>2016- Galerie in Eishaus. Neudrossenfeld. Germany<\/p>\n<p>ART Marbella. Toro Contemporary Art Gallery.<\/p>\n<p>2017-Poster Gallery &#8220;Painters from Malaga&#8221; 80-90. M\u00e1laga.<\/p>\n<p>&#8211; The Ignacio del Rio Study. &#8220;Between hands&#8221;. M\u00e1laga<\/p>\n<p>&#8211; Participates in the project &#8220;Toy Factory&#8221; in the context of the exhibition Torres Garc\u00eda, intervention: pieces of wood turned into toys. Picasso Museum. Malaga<\/p>\n<ul>\n<li>MOA: Metropol Opening Art. International Meeting of Artists. Seville. Admiral. Partners Contemporary art.<\/li>\n<\/ul>\n<p>2018 -Project. &#8220;Exquisite Corpse&#8221;. Intervention on the walls of the room of a Mural with the participation of schools. Picasso Museum Malaga.<\/p>\n<p>&#8211; A Axarco Territory. Nerja Museum. Admiral Partners. M\u00e1laga.<\/p>\n<p>&#8211; Axarco Territory. Zabaleta-Miguel Hern\u00e1ndez de Quesada Museum. \u00a0\u00a0\u00a0Jaen<\/p>\n<p>&#8211; Looks at everyday life. Museum of the senses. Provincial Council of Malaga.<\/p>\n<p>2019 -The secret garden..Private collections of contemporary art in Malaga. Mup\u00e1n<\/p>\n<p>&nbsp;<\/p>\n<p>&nbsp;<\/p>\n<p>&nbsp;<\/p>\n<p><strong>SCHOLARSHIPS AND COMPETITIONS<\/strong><\/p>\n<p>1981- First Drawing Prize &#8220;El Corte Ingl\u00e9s&#8221;, M\u00e1laga ..<\/p>\n<p>&#8211; Palmo Collective Award, M\u00e1laga.<\/p>\n<p>&#8211; 1987- VIII Young Drawing and Painting Contest, &#8220;El Corte Ingl\u00e9s&#8221;, \u00a0\u00a0\u00a01st Prize for drawing.<\/p>\n<p>&#8211; IV Young Contest of Plastic Arts of the Junta de Andaluc\u00eda, M\u00e1laga. Second prize of painting.<\/p>\n<p>&#8211; XI L&#8217;Oreal Painting Prize, Madrid. Finalist<\/p>\n<p>1988 -IX Young Drawing and Painting Contest, &#8220;El Corte Ingl\u00e9s&#8221;, Malaga, First Prize<\/p>\n<p>&#8211; Scholarship of the Junta de Andaluc\u00eda for an engraving course at the Gravura Workshop<\/p>\n<ul>\n<li>X Young Drawing and Painting Contest &#8220;El Corte Ingl\u00e9s&#8221;, M\u00e1laga. First Prize for Painting.<\/li>\n<li>Pablo Ruiz Picasso Scholarship, Malaga City Council.<\/li>\n<li>XI Biennal of Painting of V\u00e9lez M\u00e1laga. Second prize.<\/li>\n<li>VIII Ron Bacard\u00ed Painting Award, M\u00e1laga. Finalist.<\/li>\n<\/ul>\n<p>1998- IV Ateneo Engraving Prize University of Malaga. First prize<\/p>\n<ul>\n<li>XII Painting and Drawing Contest of Alora, M\u00e1laga. First Drawing Prize.<\/li>\n<li>XI Andalusian Contest of Contemporary Painting of Torremolinos. First Prize.<\/li>\n<\/ul>\n<p>&nbsp;<\/p>\n<p><strong>\u00a0<\/strong><\/p>\n<p><strong>\u00a0<\/strong><\/p>\n<p><strong>\u00a0<\/strong><\/p>\n<p><strong>MUSEUMS AND COLLECTIONS<\/strong><\/p>\n<p>&nbsp;<\/p>\n<ul>\n<li>Athenaeum Collection, Malaga.<\/li>\n<li>Collection of the College of Architects, M\u00e1laga.<\/li>\n<li>Collection of the Provincial Council, M\u00e1laga.<\/li>\n<li>Pablo Ruiz Picasso Foundation Collection<\/li>\n<li>Malaga&#8217;s Town Hall.<\/li>\n<li>Museum of Fine Arts of M\u00e1laga.<\/li>\n<li>Salvador Allende Museum, Chile.<\/li>\n<li>Other Private Collections.<\/li>\n<li>CAC M\u00e1laga &#8211; Center for Contemporary Art.<\/li>\n<\/ul>\n<p><strong>\u00a0<\/strong><\/p>\n<p><strong>\u00a0<\/strong><\/p>\n<p><strong>\u00a0<\/strong><\/p>\n<p><strong>\u00a0<\/strong><\/p>\n<p><strong>COLLABORATIONS IN MAGAZINES<\/strong><\/p>\n<p>&nbsp;<\/p>\n<ul>\n<li>TELOS, Madrid.<\/li>\n<li>J\u00c1BEGA, Province of Malaga Provincial Council<\/li>\n<li>VIRAZON, Poetry Collection.<\/li>\n<li>GALEOTE, Poetry Magazine.<\/li>\n<li>CALAS, Province of Malaga Provincial Council.<\/li>\n<li>ATENEO, Journal of Thought and Debate.<\/li>\n<li>THE MACHINER OF THE GENERATION, Provincial Council of Malaga.<\/li>\n<li>GENERATION OF 27, Collection Ways of life. Malaga.<\/li>\n<li>THE INTERIOR CORNER, Malague\u00f1os poetry sheets.<\/li>\n<li>ARTEFACTO, Cedma &#8211; Provincial Council of M\u00e1laga ..<\/li>\n<li>SAVE LA LAUGHTER, Collection: Con el canto en los dientes.<\/li>\n<li>INFINITE JOY. Circumcision of the dream in the poetry of Emilio Prados. Emilio Echevarr\u00eda.<\/li>\n<li>LIGHTS FROM: GALIBO Spain, Away from me this chalice by Cesar Vallejo.<\/li>\n<\/ul>\n<p><strong>\u00a0<\/strong><\/p>\n<p><strong>\u00a0<\/strong><\/p>\n<p><strong>\u00a0<\/strong><\/p>\n<p><strong>BIBLIOGRAPHY ABOUT THE AUTHOR<\/strong><\/p>\n<p><strong>BOOKS:<\/strong><\/p>\n<ul>\n<li>Palomo D\u00edaz, Francisco. &#8220;Around Magicism&#8221;. The avant-garde painting in Malaga. In Malaga and Picasso, volume III, Ministry of Culture, Madrid, 1981.<\/li>\n<li>Casta\u00f1os Al\u00e9s, Enrique. &#8220;The avant-garde painting in Malaga during the second half of the 20th century&#8221;. Pablo Ruiz Picasso Foundation. Malaga 1997.<\/li>\n<li>Palomo, Bernardo. &#8220;The Plastic Renovation in Andalusia&#8221;. From Team 57 to CAC M\u00e1laga 2005.<\/li>\n<li>Palomo D\u00edaz, Francisco. &#8220;The stamp of Malaga in the twentieth century (volume 2)&#8221;, 2005.<\/li>\n<li>Cesmero Ruiz, Juli\u00e1n. &#8220;Dictionary of painters, sculptors and engravers 20th century&#8221;, in Malaga 2009.<\/li>\n<\/ul>\n<p>&nbsp;<\/p>\n<p><strong>CATALOGS:<\/strong><\/p>\n<ul>\n<li>Palomo D\u00edaz, Francisco &#8220;The Sensitive Experience in Alvarado&#8221;. Catalog of the exhibition Casa de Cultura 1982.<\/li>\n<li>Chestnut Ales, Enrique. Catalog of the exhibition of the Provincial Council of Malaga, 1986.<\/li>\n<li>Guisasola, Felix. &#8220;Rafael Alvarado a struggle of modernity&#8221;. Catalog of the exhibition &#8220;White Nights&#8221;. Macarr\u00f3n Gallery, Madrid, 1988.<\/li>\n<li>Ponce, Fernando. Catalog of the exhibition &#8220;White Nights&#8221; Macarr\u00f3n Gallery, Madrid, 1988.<\/li>\n<li>Castro Flores, Fernando. &#8220;The twilight beauty.&#8221; Catalog. College of Architects, Malaga 1991.<\/li>\n<li>Quesada, Julio. Catalog &#8220;II Caminetto&#8221;, Madrid 1991.<\/li>\n<li>Bravo, Francisco. &#8220;Poems&#8221; Beniel Palace Catalog, V\u00e9lez M\u00e1laga, 1992.<\/li>\n<li>Chaves L\u00f3pez, Francisco. &#8220;Ephemeris.&#8221; Exhibition Catalog &#8220;Of the Ephemeral&#8221; Provincial Council of Malaga, 1992.<\/li>\n<li>Chavaria Vargas, Emilio. &#8220;When it comes to painting.&#8221; Catalog of the exhibition &#8220;Of the Ephemeral&#8221;. Provincial Deputation of Malaga. 1992.<\/li>\n<li>Gonz\u00e1lez Ju\u00e1n Miguel. &#8220;Because let&#8217;s see, if it turns out &#8230;&#8221;, poem for Rafael Alvarado. Exhibition &#8220;Of the Ephemeral&#8221;, Provincial Delegation of Malaga, 1992.<\/li>\n<li>Parra, Antonio. &#8220;White Series&#8221;. Catalog of the Exhibition Hall of Unicaja, Antequera, 1993.<\/li>\n<li>C\u00f3mitre, Jos\u00e9 Carlos. &#8220;Epitalamio&#8221;. Tribute to the painter Rafael Alvarado and his work. Catalog of the exhibition &#8220;White Shadows&#8221;. Museum of Fine Arts.<\/li>\n<li>I V Picasso Scholarship. Picasso Foundation City Hall of Malaga. 1994<\/li>\n<li>Garc\u00eda, \u00c1lvaro. &#8220;The Object of the painting&#8221;. Catalog of the Exhibition Alfredo Vi\u00f1as Gallery. Malaga 1996.<\/li>\n<li>Parra Antonio. &#8220;Artists from Malaga today&#8221; Provincial Council of Malaga. Catalog of the exhibition in Dresden. Germany 1998<\/li>\n<li>Puelles, Luis. &#8220;Fires of San Telmo&#8221;. Catalog Exhibition in the San Telmo building, New headquarters of the Athenaeum of Malaga. 2000<\/li>\n<li>Puelles, Luis. &#8220;No time for contemplations.&#8221; Catalog of the Exhibition &#8220;Presences \/ Absences 1997-2001&#8221;. Provincial Cultural Center Diputaci\u00f3n de M\u00e1laga, 2001.<\/li>\n<li>Puelles Luis. &#8220;Haste as Portraits&#8221;. Catalog of the exhibition &#8220;Intimate Portraits&#8221;. Room of the School of San Telmo. Provincial Delegation Malaga 2004.<\/li>\n<li>Dear, Laure. &#8220;With the shadow of a stroke&#8221;. Exhibition catalog &#038; &#8220;Papers for All&#8221;. Civic Center. Malaga 2007.<\/li>\n<li>Alda, Lourdes. &#8220;Life and Color&#8221; Catalog of the Exhibition &#8220;Papers for all&#8221;. Civic Center. Malaga. 2007<\/li>\n<li>Alvarado, Rafael and Salinas Manuel. &#8220;The Metaphor of the Journey&#8221; Catalog of the Exhibition &#8220;Papers for all&#8221;. Civic Center. Malaga. 2007<\/li>\n<li>Salinas Manuel \u00b4\u00b4 On the Painting Cross\u00b4\u00b4 Catalog of the Exhibition \u00b4\u00b4Spaced Areas\u00b4\u00b4 Poster Gallery. Malaga. 2008.<\/li>\n<li>Herr\u00e1is, Alonso Pablo. Commissioner .\u00b4\u00b4The kindness of the strangers&#8221; \u00b4\u00b4The head as destiny&#8221; \u00b4\u00b4The deleted picture\u00b4 \u00b4 Exhibition Catalog. \u00b4\u00b4Confidential Papers\u00b4\u00b4MUPAM.M\u00e1laga. 2013<\/li>\n<li>Quesada, Laure.\u00b4\u00b4 Depicting the invisible \u00b4\u00b4 Catalog of the Exhibition<\/li>\n<\/ul>\n<p>\u00b4\u00b4 Confidential Papers \u00b4\u00b4MUPAM. Malaga. 2003.<\/p>\n<ul>\n<li>Of Lia\u00f1o G\u00f3mez, Ignacio. \u00b4\u00b4The Altruistic painting of Rafael Alvarado&#8221; Catalog of the Exhibition. \u00b4\u00b4 Confidential Papers&#8221;. MUPAM. M\u00e1laga. 2013.<\/li>\n<li>Gonz\u00e1lez, Miguel Juan \u00b4The house of Abuelo Rafael. \u00b4\u00b4Workshop of the Portraits\u00b4\u00b4 Catalog of the Exhibition\u00b4 \u00b4 Confidential Papers\u00b4 .\u00b4MUPAM .M\u00e1laga. 2013<\/li>\n<li>Berm\u00fadez, Javier. \u00b4\u00b4Travel: Shadows that inhabit\u00b4 Room Leaflet. Exhibition Convent of Santo Domingo. Round. 2006-2017. Commissar. Antonio Sanchez Admiral Partners.<\/li>\n<\/ul>\n<p>&nbsp;<\/p>\n<p><strong>\u00a0<\/strong><\/p>\n<p><strong>PRESS<\/strong><\/p>\n<ul>\n<li>Arisen in Malaga. Bullring. Provincial Council. SUR newspaper. Malaga1986.<\/li>\n<li>Garese, Antonio. &#8220;Plastic forms&#8221;. Art Magazine Madrid, June 1988.<\/li>\n<li>Soler, Antonio. &#8220;The column. Painting&#8221; SUR newspaper, M\u00e1laga, 1994.<\/li>\n<li>Sesmero, Julian. &#8220;The night gaze of Rafael Alvarado&#8221;. SUR newspaper. Malaga, October 1994.<\/li>\n<li>Garcia, Alvaro. &#8220;Alvarado.&#8221; The Opinion newspaper. Malaga, October 1994.<\/li>\n<li>Mart\u00ednez Manzano, Juan Carlos. &#8220;IV Picassiana Scholarship for the Plastic Arts&#8221;, Literary Paper. M\u00e1laga, 1994.<\/li>\n<li>Melero, Mar\u00eda Eugenia. &#8220;Night Poetics&#8221; SUR newspaper. M\u00e1laga October 1994.<\/li>\n<li>Parra, Antonio. &#8220;Alvarado: the test that never stops&#8221; Diario 16. Cultura. Malaga 1996.<\/li>\n<li>Mario Virgilio, Monta\u00f1\u00e9s. &#8220;Rafael Alvarado.&#8221; Live the Culture, SUR newspaper. 2004<\/li>\n<li>Sotorrio, Regina.\u00b4\u00b4 A Study for two\u00b4\u00b4. La Opini\u00f3n Newspaper. Malaga.2003<\/li>\n<li>Enrique Casta\u00f1os &#8220;Sacred Landscapes&#8221;. Art critic of the newspaper SUR. M\u00e1laga 2005.<\/li>\n<li>Monta\u00f1ez, Virgilio Mario. \u00b4\u00b4Alvarado: Cry in Grey\u00b4\u00b4 SUR Newspaper, M\u00e1laga 2007.<\/li>\n<li>LaValle, Beatrice. Rafael Alvarado. Bewegende Bilder der Immigration. Veranstaltungen. 2007. M\u00e1laga.<\/li>\n<li>Montilla Gonz\u00e1lez, Crist\u00f3bal. \u00b4\u00b4Strokes of the Critical Goodness\u00b4 El Mundo Newspaper. Malaga. 2008.<\/li>\n<li>Taj\u00e1n, Alfredo \u00b4\u00b4Alvarado in Cartel\u00b4\u00b4 SUR newspaper. Malaga. 2008<\/li>\n<li>Fern\u00e1ndez, Cristina. Alvarado travels to his \u00b4\u00b4Spaced Spaces\u00b4\u00b4 in the Poster Gallery. Malaga Hoy Newspaper. 2008.<\/li>\n<li>Castrillo, Alicia. \u00b4\u00b4Travel to Nowhere \u00b4\u00b4 in the Poster Gallery. SUR newspaper. Malaga. 2008<\/li>\n<li>Montilla Gonz\u00e1lez, Crist\u00f3bal. \u00b4\u00b4The Art of Alvarado Inhabits the Packaging of Household Appliances\u00b4\u00b4. El Mundo newspaper. M\u00e1laga 2011.<\/li>\n<li>Antonio Javier L\u00f3pez.\u00b4\u00b4 The critical conscience of Alvarado\u00b4 SUR newspaper. 2011.<\/li>\n<li>Juan Francisco Rueda. SUR Newspaper &#8220;30 years 7 months 5 days&#8221; the study of Ignacio del Rio 2012.<\/li>\n<li>R.C M\u00e1laga Hoy. The CAC renews its permanent collection with &#8216;Neighborhood&#8217; 2012.<\/li>\n<li>Antonio Javier L\u00f3pez. SUR Newspaper 2012. The CAC M\u00e1laga vindicates the local artists in its permanent collection.<\/li>\n<li>Bernardo Palomo. Diario de Jerez 2013. Our illustrious neighbor artists.<\/li>\n<li>Francisco Juan Wheel &#8220;Crepuscular Painting&#8221; SUR newspaper. M\u00e1laga. 2013<\/li>\n<li>L\u00f3pez, Javier Antonio. Rafael Alvarado: \u00b4\u00b4The portrait as an autopsy\u00b4\u00b4 SUR newspaper. 2013<\/li>\n<li>Lavalle, Beatrice. Das Verstreichen der Zeit und das Drama der Immigration im Werk von Rafael Alvarado. SUR Newspaper, Deutsche Ausgabe. 2013.<\/li>\n<li>Montilla Gonz\u00e1lez, Crist\u00f3bal.\u00b4\u00b4 A shy genius\u00b4\u00b4 El Mundo newspaper. M\u00e1laga 2013.<\/li>\n<li>L.O. Rafael Alvarado reflects on time and immigration. Newspaper. The Opinion. Malaga. 2013<\/li>\n<li>R.C. The &#8220;Confidential Papers&#8221; of Rafael Alvarado arrive at MUPAM. Newspaper. Malaga Hoy. 2013<\/li>\n<li>V\u00e1zquez Alfonso. The commitment of an artist between two worlds. Newspaper. La Opini\u00f3n. Malaga. 2013.<\/li>\n<li>Montilla Gonz\u00e1lez, Crist\u00f3bal. Four tickets to Frankfurt. Paco Aguilar, Rafael Alvarado, Sebasti\u00e1n Navas and Chema Lumbreras star in an exhibition in the German city. El Mundo newspaper. Malaga 2014.<\/li>\n<li>Von Unserem Mitarbeiter Horst Wunner. Andalusische Kunstler im Eishaus. Ausstellung 2016.<\/li>\n<li>Kuder Lena M\u00e1laga \/ Neudrossenfeld.tres Andalusier in Drossenfeld.Gallery im Eishaus am Drossenfelder Brauwerck. Germany 2016<\/li>\n<li>Lavalle, Beatrice. Drei Malague\u00f1os stellen in Neudrosselfeld aus. Germany. SUR newspaper Deutsche Ausgabe. 2016.<\/li>\n<li>Antonio Javier L\u00f3pez SUR Newspaper. The Artistic Obsession for Refugees. Santo Domingo convent. Ronda. 2017<\/li>\n<li>A very special Exhibition at the Picasso Museum. La Opini\u00f3n. 2017<\/li>\n<li>Fernando Torres. Collective feelings without barriers. SUR newspaper. 2017<\/li>\n<li>Social Inclusion in the Picasso museum with Rafael Alvarado. Malaga Hoy. 2017<\/li>\n<\/ul>\n<p>[\/vc_column_text][\/vc_column][\/vc_row][vc_row css_animation=&#8221;&#8221; row_type=&#8221;row&#8221; use_row_as_full_screen_section=&#8221;no&#8221; type=&#8221;full_width&#8221; angled_section=&#8221;no&#8221; text_align=&#8221;left&#8221; background_image_as_pattern=&#8221;without_pattern&#8221;][vc_column][vc_empty_space][\/vc_column][\/vc_row]<\/p>\n","protected":false},"excerpt":{"rendered":"[vc_row css_animation=&#8221;&#8221; row_type=&#8221;row&#8221; use_row_as_full_screen_section=&#8221;no&#8221; type=&#8221;full_width&#8221; angled_section=&#8221;no&#8221; text_align=&#8221;left&#8221; background_image_as_pattern=&#8221;without_pattern&#8221;][vc_column width=&#8221;1\/4&#8243;][vc_single_image image=&#8221;3154&#8243; img_size=&#8221;full&#8221; alignment=&#8221;center&#8221; qode_css_animation=&#8221;&#8221;][vc_empty_space][\/vc_column][vc_column width=&#8221;3\/4&#8243;][vc_column_text]RAFAEL ALVARADO (Malaga, Spain 1957) &nbsp; INDIVIDUAL EXHIBITIONS 1982- Exhibition Hall of the House of Culture, M\u00e1laga 1983- Exhibition Hall of the Savings Bank of Antequera. Malaga &#8211; Palmo Collective Gallery, Malaga. &#8211; Exhibition Hall of the Provincial Savings Bank, V\u00e9lez-M\u00e1laga 1986-Chamber of the Diputaci\u00f3n de M\u00e1laga 1987-Malaga Athenaeum Exhibition Hall -Vel\u00e1zquez Gallery, Valladolid. &#8211; &#8220;White Nights&#8221;,\u00a0 Macarr\u00f3n Gallery, Madrid. 1989-Portraits.Terral. M\u00e1laga&#8230;.","protected":false},"author":1,"featured_media":0,"parent":246,"menu_order":0,"comment_status":"closed","ping_status":"closed","template":"","meta":{"footnotes":"","_links_to":"","_links_to_target":""},"_links":{"self":[{"href":"https:\/\/vesaniart.com\/en\/wp-json\/wp\/v2\/pages\/2679"}],"collection":[{"href":"https:\/\/vesaniart.com\/en\/wp-json\/wp\/v2\/pages"}],"about":[{"href":"https:\/\/vesaniart.com\/en\/wp-json\/wp\/v2\/types\/page"}],"author":[{"embeddable":true,"href":"https:\/\/vesaniart.com\/en\/wp-json\/wp\/v2\/users\/1"}],"replies":[{"embeddable":true,"href":"https:\/\/vesaniart.com\/en\/wp-json\/wp\/v2\/comments?post=2679"}],"version-history":[{"count":19,"href":"https:\/\/vesaniart.com\/en\/wp-json\/wp\/v2\/pages\/2679\/revisions"}],"predecessor-version":[{"id":5105,"href":"https:\/\/vesaniart.com\/en\/wp-json\/wp\/v2\/pages\/2679\/revisions\/5105"}],"up":[{"embeddable":true,"href":"https:\/\/vesaniart.com\/en\/wp-json\/wp\/v2\/pages\/246"}],"wp:attachment":[{"href":"https:\/\/vesaniart.com\/en\/wp-json\/wp\/v2\/media?parent=2679"}],"curies":[{"name":"wp","href":"https:\/\/api.w.org\/{rel}","templated":true}]}}