{"id":236,"date":"2018-01-16T15:16:41","date_gmt":"2018-01-16T15:16:41","guid":{"rendered":"https:\/\/vesaniart.com\/?page_id=236"},"modified":"2022-12-11T10:53:12","modified_gmt":"2022-12-11T10:53:12","slug":"ote","status":"publish","type":"page","link":"https:\/\/vesaniart.com\/en\/artistas\/ote","title":{"rendered":"Ot\u00e9"},"content":{"rendered":"<p>[vc_row css_animation=&#8221;&#8221; row_type=&#8221;row&#8221; use_row_as_full_screen_section=&#8221;no&#8221; type=&#8221;full_width&#8221; angled_section=&#8221;no&#8221; text_align=&#8221;left&#8221; background_image_as_pattern=&#8221;without_pattern&#8221;][vc_column][vc_column_text]<a class=\"biolink\" href=\"\/en\/artistas\/ote\/curriculum-bio\"><i class=\"fa fa-address-card-o\" aria-hidden=\"true\"><\/i>Curriculum \/ Bio<\/a>[\/vc_column_text][vc_empty_space height=&#8221;52px&#8221;][vc_column_text]<\/p>\n<div class=\"foogallery foogallery-container foogallery-masonry foogallery-lightbox-foobox fg-center fg-masonry fg-light fg-shadow-outline fg-loading-trail fg-loaded-fade-in fg-captions-bottom fg-hover-fade fg-hover-eye fg-ready fg-col4\" id=\"foogallery-gallery-666\" data-foogallery=\"{&quot;item&quot;:{&quot;showCaptionTitle&quot;:false,&quot;showCaptionDescription&quot;:true},&quot;lazy&quot;:true}\" >\r\n\t\t<div class=\"fg-column-width\"><\/div>\r\n\t<div class=\"fg-gutter-width\"><\/div>\r\n\t\t<div class=\"fg-item fg-type-image fg-idle\"><figure class=\"fg-item-inner\"><a  href=\"https:\/\/vesaniart.com\/wp-content\/uploads\/2018\/01\/maternidad-atormentada.jpg\" data-rel=\"lightbox-gallery-0\" data-rl_title=\"Maternidad atormentada. 2016. 40x50cm. Collage. T\u00e9cnica mixta sobre tabla\" data-rl_caption=\"\" data-caption-desc=\"Maternidad atormentada. 2016. 40x50cm. Collage. T\u00e9cnica mixta sobre tabla\" data-attachment-id=\"691\" class=\"fg-thumb\" title=\"Maternidad atormentada. 2016. 40x50cm. Collage. T\u00e9cnica mixta sobre tabla\"><span class=\"fg-image-wrap\"><img alt=\"Maternidad atormentada. 2016. 40x50cm. Collage. T\u00e9cnica mixta sobre tabla\" width=\"320\" height=\"406\" class=\"skip-lazy fg-image\" data-src-fg=\"https:\/\/vesaniart.com\/wp-content\/uploads\/cache\/2018\/01\/maternidad-atormentada\/2010942999.jpg\" src=\"data:image\/svg+xml,%3Csvg%20xmlns%3D%22http%3A%2F%2Fwww.w3.org%2F2000%2Fsvg%22%20width%3D%22320%22%20height%3D%22406%22%20viewBox%3D%220%200%20320%20406%22%3E%3C%2Fsvg%3E\" loading=\"eager\"><\/span><span class=\"fg-image-overlay\"><\/span><\/a><figcaption class=\"fg-caption\"><div class=\"fg-caption-inner\"><div class=\"fg-caption-desc\">Maternidad atormentada. 2016. 40x50cm. Collage. T\u00e9cnica mixta sobre tabla<\/div><\/div><\/figcaption><\/figure><div class=\"fg-loader\"><\/div><\/div><div class=\"fg-item fg-type-image fg-idle\"><figure class=\"fg-item-inner\"><a  href=\"https:\/\/vesaniart.com\/wp-content\/uploads\/2018\/09\/22la-ola22.-te\u0301cnica-mixta-sobre-tabla.-collage.-medidas-425-x-605-cm.-2017.jpg\" data-rel=\"lightbox-gallery-0\" data-rl_title=\"La Ola. 2017+. 42,5 x 60,5 cm. Collage. T\u00e9cnica mixta sobre tabla\" data-rl_caption=\"\" data-caption-desc=\"La Ola. 2017+. 42,5 x 60,5 cm. Collage. T\u00e9cnica mixta sobre tabla\" data-attachment-id=\"1377\" class=\"fg-thumb\" title=\"La Ola. 2017+. 42,5 x 60,5 cm. Collage. T\u00e9cnica mixta sobre tabla\"><span class=\"fg-image-wrap\"><img alt=\"La Ola. 2017+. 42,5 x 60,5 cm. Collage. T\u00e9cnica mixta sobre tabla\" width=\"320\" height=\"222\" class=\"skip-lazy fg-image\" data-src-fg=\"https:\/\/vesaniart.com\/wp-content\/uploads\/cache\/2018\/09\/22la-ola22_-te\u0301cnica-mixta-sobre-tabla_-collage_-medidas-425-x-605-cm_-2017\/564825173.jpg\" src=\"data:image\/svg+xml,%3Csvg%20xmlns%3D%22http%3A%2F%2Fwww.w3.org%2F2000%2Fsvg%22%20width%3D%22320%22%20height%3D%22222%22%20viewBox%3D%220%200%20320%20222%22%3E%3C%2Fsvg%3E\" loading=\"eager\"><\/span><span class=\"fg-image-overlay\"><\/span><\/a><figcaption class=\"fg-caption\"><div class=\"fg-caption-inner\"><div class=\"fg-caption-desc\">La Ola. 2017+. 42,5 x 60,5 cm. Collage. T\u00e9cnica mixta sobre tabla<\/div><\/div><\/figcaption><\/figure><div class=\"fg-loader\"><\/div><\/div><div class=\"fg-item fg-type-image fg-idle\"><figure class=\"fg-item-inner\"><a  href=\"https:\/\/vesaniart.com\/wp-content\/uploads\/2018\/01\/accidente-regio.jpg\" data-rel=\"lightbox-gallery-0\" data-rl_title=\"\u201cAccidente regio\u201d. 2017. 53x40 cm. Collage. T\u00e9cnica mixta sobre tabla\" data-rl_caption=\"\" data-caption-desc=\"\u201cAccidente regio\u201d. 2017. 53x40 cm. Collage. T\u00e9cnica mixta sobre tabla\" data-attachment-id=\"1173\" class=\"fg-thumb\" title=\"\u201cAccidente regio\u201d. 2017. 53x40 cm. Collage. T\u00e9cnica mixta sobre tabla\"><span class=\"fg-image-wrap\"><img alt=\"\u201cAccidente regio\u201d. 2017. 53x40 cm. Collage. T\u00e9cnica mixta sobre tabla\" width=\"320\" height=\"411\" class=\"skip-lazy fg-image\" data-src-fg=\"https:\/\/vesaniart.com\/wp-content\/uploads\/cache\/2018\/01\/accidente-regio\/2015740130.jpg\" src=\"data:image\/svg+xml,%3Csvg%20xmlns%3D%22http%3A%2F%2Fwww.w3.org%2F2000%2Fsvg%22%20width%3D%22320%22%20height%3D%22411%22%20viewBox%3D%220%200%20320%20411%22%3E%3C%2Fsvg%3E\" loading=\"eager\"><\/span><span class=\"fg-image-overlay\"><\/span><\/a><figcaption class=\"fg-caption\"><div class=\"fg-caption-inner\"><div class=\"fg-caption-desc\">\u201cAccidente regio\u201d. 2017. 53x40 cm. Collage. T\u00e9cnica mixta sobre tabla<\/div><\/div><\/figcaption><\/figure><div class=\"fg-loader\"><\/div><\/div><div class=\"fg-item fg-type-image fg-idle\"><figure class=\"fg-item-inner\"><a  href=\"https:\/\/vesaniart.com\/wp-content\/uploads\/2018\/01\/cristina-caterina.jpg\" data-rel=\"lightbox-gallery-0\" data-rl_title=\"Cristina Caterina.2017. 50x70cm. Collage. T\u00e9cnica mixta sobre tabla\" data-rl_caption=\"\" data-caption-desc=\"Cristina Caterina.2017. 50x70cm. Collage. T\u00e9cnica mixta sobre tabla\" data-attachment-id=\"669\" class=\"fg-thumb\" title=\"Cristina Caterina.2017. 50x70cm. Collage. T\u00e9cnica mixta sobre tabla\"><span class=\"fg-image-wrap\"><img alt=\"Cristina Caterina.2017. 50x70cm. Collage. T\u00e9cnica mixta sobre tabla\" width=\"320\" height=\"235\" class=\"skip-lazy fg-image\" data-src-fg=\"https:\/\/vesaniart.com\/wp-content\/uploads\/cache\/2018\/01\/cristina-caterina\/112241356.jpg\" src=\"data:image\/svg+xml,%3Csvg%20xmlns%3D%22http%3A%2F%2Fwww.w3.org%2F2000%2Fsvg%22%20width%3D%22320%22%20height%3D%22235%22%20viewBox%3D%220%200%20320%20235%22%3E%3C%2Fsvg%3E\" loading=\"eager\"><\/span><span class=\"fg-image-overlay\"><\/span><\/a><figcaption class=\"fg-caption\"><div class=\"fg-caption-inner\"><div class=\"fg-caption-desc\">Cristina Caterina.2017. 50x70cm. Collage. T\u00e9cnica mixta sobre tabla<\/div><\/div><\/figcaption><\/figure><div class=\"fg-loader\"><\/div><\/div><div class=\"fg-item fg-type-image fg-idle\"><figure class=\"fg-item-inner\"><a  href=\"https:\/\/vesaniart.com\/wp-content\/uploads\/2018\/01\/madame-butterflay.jpg\" data-rel=\"lightbox-gallery-0\" data-rl_title=\"Madame Butterflay. 2017. 40x50 cm. Collage. T\u00e9cnica mixta sobre tabla\" data-rl_caption=\"\" data-caption-desc=\"Madame Butterflay. 2017. 40x50 cm. Collage. T\u00e9cnica mixta sobre tabla\" data-attachment-id=\"690\" class=\"fg-thumb\" title=\"Madame Butterflay. 2017. 40x50 cm. Collage. T\u00e9cnica mixta sobre tabla\"><span class=\"fg-image-wrap\"><img alt=\"Madame Butterflay. 2017. 40x50 cm. Collage. T\u00e9cnica mixta sobre tabla\" width=\"320\" height=\"403\" class=\"skip-lazy fg-image\" data-src-fg=\"https:\/\/vesaniart.com\/wp-content\/uploads\/cache\/2018\/01\/madame-butterflay\/3067513907.jpg\" src=\"data:image\/svg+xml,%3Csvg%20xmlns%3D%22http%3A%2F%2Fwww.w3.org%2F2000%2Fsvg%22%20width%3D%22320%22%20height%3D%22403%22%20viewBox%3D%220%200%20320%20403%22%3E%3C%2Fsvg%3E\" loading=\"eager\"><\/span><span class=\"fg-image-overlay\"><\/span><\/a><figcaption class=\"fg-caption\"><div class=\"fg-caption-inner\"><div class=\"fg-caption-desc\">Madame Butterflay. 2017. 40x50 cm. Collage. T\u00e9cnica mixta sobre tabla<\/div><\/div><\/figcaption><\/figure><div class=\"fg-loader\"><\/div><\/div><div class=\"fg-item fg-type-image fg-idle\"><figure class=\"fg-item-inner\"><a  href=\"https:\/\/vesaniart.com\/wp-content\/uploads\/2018\/09\/hera-te-cnica-mixta-sobre-tabla.-coll-age-medidas_-565-cm-de-dia\u0301metro.-2016-marco.jpg\" data-rel=\"lightbox-gallery-0\" data-rl_title=\"Hera. 2016. 56,5-cm. T\u00e9cnica mixta sobre tabla\" data-rl_caption=\"\" data-caption-desc=\"Hera. 2016. 56,5-cm. T\u00e9cnica mixta sobre tabla\" data-attachment-id=\"1378\" class=\"fg-thumb\" title=\"Hera. 2016. 56,5-cm. T\u00e9cnica mixta sobre tabla\"><span class=\"fg-image-wrap\"><img alt=\"Hera. 2016. 56,5-cm. T\u00e9cnica mixta sobre tabla\" width=\"320\" height=\"319\" class=\"skip-lazy fg-image\" data-src-fg=\"https:\/\/vesaniart.com\/wp-content\/uploads\/cache\/2018\/09\/hera-te-cnica-mixta-sobre-tabla_-coll-age-medidas_-565-cm-de-dia\u0301metro_-2016-marco\/674536869.jpg\" src=\"data:image\/svg+xml,%3Csvg%20xmlns%3D%22http%3A%2F%2Fwww.w3.org%2F2000%2Fsvg%22%20width%3D%22320%22%20height%3D%22319%22%20viewBox%3D%220%200%20320%20319%22%3E%3C%2Fsvg%3E\" loading=\"eager\"><\/span><span class=\"fg-image-overlay\"><\/span><\/a><figcaption class=\"fg-caption\"><div class=\"fg-caption-inner\"><div class=\"fg-caption-desc\">Hera. 2016. 56,5-cm. T\u00e9cnica mixta sobre tabla<\/div><\/div><\/figcaption><\/figure><div class=\"fg-loader\"><\/div><\/div><div class=\"fg-item fg-type-image fg-idle\"><figure class=\"fg-item-inner\"><a  href=\"https:\/\/vesaniart.com\/wp-content\/uploads\/2018\/01\/img_2610.jpg\" data-rel=\"lightbox-gallery-0\" data-rl_title=\"Rey em\u00e9rito. 2016. 40x50cm. Collage. T\u00e9cnica mixta sobre tabla\" data-rl_caption=\"\" data-caption-desc=\"Rey em\u00e9rito. 2016. 40x50cm. Collage. T\u00e9cnica mixta sobre tabla\" data-attachment-id=\"681\" class=\"fg-thumb\" title=\"Rey em\u00e9rito. 2016. 40x50cm. Collage. T\u00e9cnica mixta sobre tabla\"><span class=\"fg-image-wrap\"><img alt=\"Rey em\u00e9rito. 2016. 40x50cm. Collage. T\u00e9cnica mixta sobre tabla\" width=\"320\" height=\"400\" class=\"skip-lazy fg-image\" data-src-fg=\"https:\/\/vesaniart.com\/wp-content\/uploads\/cache\/2018\/01\/img_2610\/795470394.jpg\" src=\"data:image\/svg+xml,%3Csvg%20xmlns%3D%22http%3A%2F%2Fwww.w3.org%2F2000%2Fsvg%22%20width%3D%22320%22%20height%3D%22400%22%20viewBox%3D%220%200%20320%20400%22%3E%3C%2Fsvg%3E\" loading=\"eager\"><\/span><span class=\"fg-image-overlay\"><\/span><\/a><figcaption class=\"fg-caption\"><div class=\"fg-caption-inner\"><div class=\"fg-caption-desc\">Rey em\u00e9rito. 2016. 40x50cm. Collage. T\u00e9cnica mixta sobre tabla<\/div><\/div><\/figcaption><\/figure><div class=\"fg-loader\"><\/div><\/div><div class=\"fg-item fg-type-image fg-idle\"><figure class=\"fg-item-inner\"><a  href=\"https:\/\/vesaniart.com\/wp-content\/uploads\/2018\/01\/img_6380.jpg\" data-rel=\"lightbox-gallery-0\" data-rl_title=\"Ba\u00f1o de riesgo. 2015. 40x50 cm. Collage. T\u00e9cnica mixta sobre tabla\" data-rl_caption=\"\" data-caption-desc=\"Ba\u00f1o de riesgo. 2015. 40x50 cm. Collage. T\u00e9cnica mixta sobre tabla\" data-attachment-id=\"683\" class=\"fg-thumb\" title=\"Ba\u00f1o de riesgo. 2015. 40x50 cm. Collage. T\u00e9cnica mixta sobre tabla\"><span class=\"fg-image-wrap\"><img alt=\"Ba\u00f1o de riesgo. 2015. 40x50 cm. Collage. T\u00e9cnica mixta sobre tabla\" width=\"320\" height=\"409\" class=\"skip-lazy fg-image\" data-src-fg=\"https:\/\/vesaniart.com\/wp-content\/uploads\/cache\/2018\/01\/img_6380\/2085201372.jpg\" src=\"data:image\/svg+xml,%3Csvg%20xmlns%3D%22http%3A%2F%2Fwww.w3.org%2F2000%2Fsvg%22%20width%3D%22320%22%20height%3D%22409%22%20viewBox%3D%220%200%20320%20409%22%3E%3C%2Fsvg%3E\" loading=\"eager\"><\/span><span class=\"fg-image-overlay\"><\/span><\/a><figcaption class=\"fg-caption\"><div class=\"fg-caption-inner\"><div class=\"fg-caption-desc\">Ba\u00f1o de riesgo. 2015. 40x50 cm. Collage. T\u00e9cnica mixta sobre tabla<\/div><\/div><\/figcaption><\/figure><div class=\"fg-loader\"><\/div><\/div><div class=\"fg-item fg-type-image fg-idle\"><figure class=\"fg-item-inner\"><a  href=\"https:\/\/vesaniart.com\/wp-content\/uploads\/2018\/01\/img_6204.jpg\" data-rel=\"lightbox-gallery-0\" data-rl_title=\"&quot;Ba\u00f1o de mascotas&quot;. Collage, t\u00e9cnica mixta sobre cart\u00f3n, 40 x 30 cm. 2020\" data-rl_caption=\"\" data-caption-desc=\"&quot;Ba\u00f1o de mascotas&quot;. Collage, t\u00e9cnica mixta sobre cart\u00f3n, 40 x 30 cm. 2020\" data-attachment-id=\"3800\" class=\"fg-thumb\" title=\"&quot;Ba\u00f1o de mascotas&quot;. Collage, t\u00e9cnica mixta sobre cart\u00f3n, 40 x 30 cm. 2020\"><span class=\"fg-image-wrap\"><img alt=\"&quot;Ba\u00f1o de mascotas&quot;. Collage, t\u00e9cnica mixta sobre cart\u00f3n, 40 x 30 cm. 2020\" width=\"320\" height=\"223\" class=\"skip-lazy fg-image\" data-src-fg=\"https:\/\/vesaniart.com\/wp-content\/uploads\/cache\/2018\/01\/img_6204\/1238916819.jpg\" src=\"data:image\/svg+xml,%3Csvg%20xmlns%3D%22http%3A%2F%2Fwww.w3.org%2F2000%2Fsvg%22%20width%3D%22320%22%20height%3D%22223%22%20viewBox%3D%220%200%20320%20223%22%3E%3C%2Fsvg%3E\" loading=\"eager\"><\/span><span class=\"fg-image-overlay\"><\/span><\/a><figcaption class=\"fg-caption\"><div class=\"fg-caption-inner\"><div class=\"fg-caption-desc\">\"Ba\u00f1o de mascotas\". Collage, t\u00e9cnica mixta sobre cart\u00f3n, 40 x 30 cm. 2020<\/div><\/div><\/figcaption><\/figure><div class=\"fg-loader\"><\/div><\/div><\/div>\n<p>[\/vc_column_text][vc_empty_space][\/vc_column][\/vc_row]<\/p>\n","protected":false},"excerpt":{"rendered":"[vc_row css_animation=&#8221;&#8221; row_type=&#8221;row&#8221; use_row_as_full_screen_section=&#8221;no&#8221; type=&#8221;full_width&#8221; angled_section=&#8221;no&#8221; text_align=&#8221;left&#8221; background_image_as_pattern=&#8221;without_pattern&#8221;][vc_column][vc_column_text]Curriculum \/ Bio[\/vc_column_text][vc_empty_space height=&#8221;52px&#8221;][vc_column_text] [\/vc_column_text][vc_empty_space][\/vc_column][\/vc_row]","protected":false},"author":1,"featured_media":0,"parent":33,"menu_order":0,"comment_status":"closed","ping_status":"closed","template":"","meta":{"footnotes":"","_links_to":"","_links_to_target":""},"_links":{"self":[{"href":"https:\/\/vesaniart.com\/en\/wp-json\/wp\/v2\/pages\/236"}],"collection":[{"href":"https:\/\/vesaniart.com\/en\/wp-json\/wp\/v2\/pages"}],"about":[{"href":"https:\/\/vesaniart.com\/en\/wp-json\/wp\/v2\/types\/page"}],"author":[{"embeddable":true,"href":"https:\/\/vesaniart.com\/en\/wp-json\/wp\/v2\/users\/1"}],"replies":[{"embeddable":true,"href":"https:\/\/vesaniart.com\/en\/wp-json\/wp\/v2\/comments?post=236"}],"version-history":[{"count":4,"href":"https:\/\/vesaniart.com\/en\/wp-json\/wp\/v2\/pages\/236\/revisions"}],"predecessor-version":[{"id":694,"href":"https:\/\/vesaniart.com\/en\/wp-json\/wp\/v2\/pages\/236\/revisions\/694"}],"up":[{"embeddable":true,"href":"https:\/\/vesaniart.com\/en\/wp-json\/wp\/v2\/pages\/33"}],"wp:attachment":[{"href":"https:\/\/vesaniart.com\/en\/wp-json\/wp\/v2\/media?parent=236"}],"curies":[{"name":"wp","href":"https:\/\/api.w.org\/{rel}","templated":true}]}}