{"id":193,"date":"2018-01-16T11:41:02","date_gmt":"2018-01-16T11:41:02","guid":{"rendered":"https:\/\/vesaniart.com\/?page_id=193"},"modified":"2022-12-11T10:06:51","modified_gmt":"2022-12-11T10:06:51","slug":"curriculum-bio","status":"publish","type":"page","link":"https:\/\/vesaniart.com\/en\/artistas\/maria-davila\/curriculum-bio","title":{"rendered":"Curriculum \/ Bio"},"content":{"rendered":"<p>[vc_row css_animation=&#8221;&#8221; row_type=&#8221;row&#8221; use_row_as_full_screen_section=&#8221;no&#8221; type=&#8221;full_width&#8221; angled_section=&#8221;no&#8221; text_align=&#8221;left&#8221; background_image_as_pattern=&#8221;without_pattern&#8221;][vc_column width=&#8221;1\/4&#8243;][vc_single_image image=&#8221;972&#8243; img_size=&#8221;full&#8221; alignment=&#8221;center&#8221; qode_css_animation=&#8221;&#8221;][vc_empty_space][\/vc_column][vc_column width=&#8221;3\/4&#8243;][vc_column_text]<\/p>\n<div class=\"entry-content\">\n<p>MARIA DAVILA<br \/>\n(Malaga, Spain 1990)<\/p>\n<p>&nbsp;<\/p>\n<p>Mar\u00eda Davila is international doctor in History and Arts from the University from Granada (2019) and Bachelor of Fine Arts from the University of Malaga (2013), where obtained the Extraordinary Prize of Degree. After completing the Master in Production and Research in Art at the University of Granada (2014), has combined its activity artistic with university research, awarded a grant with FPU research grants from the Ministry of Education and Culture. INDIVIDUAL EXPOSITIONS<\/p>\n<div class=\"page\" title=\"Page 1\">\n<div class=\"layoutArea\">\n<div class=\"column\">\n<p>&nbsp;<\/p>\n<\/div>\n<div class=\"column\"><\/div>\n<\/div>\n<div class=\"layoutArea\">\n<div class=\"column\">\n<p>&nbsp;<\/p>\n<p>SOLO EXHIBITIONS<\/p>\n<div data-canvas-width=\"36.986666666666665\">2019<\/div>\n<div data-canvas-width=\"58.919999999999995\">An\u00f3nimo. P\/CAS. Paris Contemporary Art Show #19. Jean-Marie Oger, Paris.<\/div>\n<div data-canvas-width=\"92.66666666666666\">Post Scriptum . Sala de Exposiciones de la Caja Blanca, M\u00e1laga.<\/div>\n<p>2017 Post scriptum, Palacio de los Condes de Gabia, Granada Ano\u0301nimo, Museo CajaGranada<\/p>\n<p>2015 Dramatis personae, El Palmeral de las Sorpresas\/Espacio Iniciarte, Ma\u0301laga<\/p>\n<p>2014 Anagno\u0301risis &#8211; La trama, School of Fine Arts, Ma\u0301laga<\/p>\n<p>2013 Despue\u0301s, el silencio, Centro Cultural Provincial, Ma\u0301laga<\/p>\n<p>&nbsp;<\/p>\n<p>GROUP SHOWS<\/p>\n<div data-canvas-width=\"29.53333333333334\">2019<\/div>\n<div data-canvas-width=\"29.53333333333334\">Premios Alonso Cano de la Universidad de Granada 2019. Hospital Real, Granada.*<\/div>\n<div data-canvas-width=\"92.89333333333333\">WE ARE HERE. Sociedad Econ\u00f3mica de Amigos del Pa\u00eds, M\u00e1laga.*<\/div>\n<div data-canvas-width=\"29.53333333333334\"><\/div>\n<div data-canvas-width=\"29.53333333333334\">2018 Art<35 Fundaci\u00f3 Banc Sabadell 2018. Sala Par\u00e9s, Barcelona.*<\/div>\n<p>2017 YIA Art Fair #11, Paris, Jean-Marie Oger YIA Art Fair #09, Brussels, Jean-Marie Oger<\/p>\n<p>2016-2017 31th edition of BMW Painting Awards, Centro Galileo, Madrid La Chistera, Casa Museo Los Colarte, MAD Antequera, Ma\u0301laga<\/p>\n<p>2016 Tiempo de luz, Museo del Patrimonio Municipal (MUPAM), Ma\u0301laga El proceso, School of Fine Arts, Granada<\/p>\n<p>Ni las mi\u0301as ni las vuestras, Centro de Arte Contempora\u0301neo, Velez-Ma\u0301laga<\/p>\n<p>Pensar (siempre) el tiempo, El Butro\u0301n, Seville<br \/>\n2015 30th edition of BMW Painting Awards, Casa de Vacas del Retiro, Madrid<\/p>\n<p>Neighbours III. Artistas de proximidad, CAC Ma\u0301laga<br \/>\nNo food\u2019s land. Mediterranea 17 Young Artists Biennale, Milan<br \/>\nOkupart. MAUS Ma\u0301laga, Ma\u0301laga city hall\/CAC Ma\u0301laga<br \/>\nMemoria selectiva, Casa Sostoa, Ma\u0301laga<br \/>\nLo\u0301gicas internas. Proyecto RESET Arte e Interactividad, Palacio de los Condes de Gabia, Granada<br \/>\nCantos rodados, Casa Museo Los Colarte, MAD Antequera, Ma\u0301laga Proyecto Imago Mundi: Made in Spain (routing exhibition), Foundation Luciano Benetton\/CAC Ma\u0301laga<br \/>\nAndalusian University Biennale (BIUNIC), Foundation Valenti\u0301n de Madariaga, Seville<\/p>\n<p>2014 International Painting Prize Focus-Abengoa, Hospital de los Venerables, Seville<\/p>\n<p>Artistas Acoge, Espacio Cienfuegos\/ONG Ma\u0301laga Acoge, Ma\u0301laga<br \/>\nFine Arts class of 2014, Palacio de los Condes de Gabia, Council of Granada 5th Bolsa de compra, School of Fine Arts, Ma\u0301laga<br \/>\nMa\u0301lagaCrea 2014. Muestra de Artes Visuales, CAC Ma\u0301laga<\/p>\n<\/div>\n<\/div>\n<\/div>\n<div class=\"page\" title=\"Page 2\">\n<div class=\"layoutArea\">\n<div class=\"column\">\n<p>UNDER35. Arte Emergente en Ma\u0301laga, Galeri\u0301a de Arte Contempora\u0301neo (GACMA), Ma\u0301laga<br \/>\n\u201cObra Abierta 2014\u201d international art prize, Complejo Cultural Las Claras, Plasencia<\/p>\n<p>2013 KM0, Galeri\u0301a Yusto\/Giner, Marbella<br \/>\n2012 Stand Byes. End of studies Art Project Ma\u0301laga 2012, Centro Cultural<\/p>\n<p>Provincial, Ma\u0301laga<\/p>\n<p>&nbsp;<\/p>\n<p>AWARDS &#038; SCOLARSHIP<\/p>\n<p>2016 Preselected for BMW Painting award 2015 Preselected for BMW Painting award<\/p>\n<p>FPU scholarship, Spanish Ministry of Education, Culture and Sports<br \/>\nAlRaso artistic residency Scholarship, Valle de Lecri\u0301n, Granada<br \/>\nIniciarte Scholarship for Contemporary Artistic Creation, Government of Andalusia\/Department of Culture<\/p>\n<p>2014 Finalist, International Painting Prize Focus-Abengoa, Seville First Prize, Ma\u0301lagaCrea 2014<\/p>\n<p>Finalist, \u201cObra Abierta 2014\u201d International Art Prize, Plasencia 2013 Extraordinary Award, School of Fine Arts\/University of Ma\u0301laga<\/p>\n<p>Collaboration Scholarship with the School of Fine Arts\/ University of<\/p>\n<p>Ma\u0301laga<br \/>\n2012 First prize, VI Painting Prize of the University of Ma\u0301laga<\/p>\n<p>&nbsp;<\/p>\n<p>COLLECTIONS<\/p>\n<p>CAC Ma\u0301laga; City Council, Ma\u0301laga; School of Fine Arts, Ma\u0301laga; vice-chancellor&#8217;s office of Culture, University of Ma\u0301laga; Luciano Benetton Collection<\/p>\n<p>Publications<\/p>\n<p>2017 Mari\u0301a Da\u0301vila \u2013 Post scriptum, texts by Luis Puelles and Mari\u0301a Da\u0301vila, Government of Andalusia\/Department of Culture<\/p>\n<p>2015 Mari\u0301a Da\u0301vila \u2013 Dramatis personae, text by Vi\u0301ctor Borrego, Government of Andalusia\/Department of Culture<\/p>\n<p>2014 Mari\u0301a Da\u0301vila \u2013 Anagno\u0301risis-La trama, text by Pedro Osakar Olaiz, School of Fine Arts, Ma\u0301laga<\/p>\n<p>2013 Mari\u0301a Da\u0301vila \u2013 Despue\u0301s, el silencio, text by Marina Bravo Casero, Council of Ma\u0301laga\/Department of Culture<\/p>\n<\/div>\n<\/div>\n<\/div>\n<\/div>\n<p>[\/vc_column_text][\/vc_column][\/vc_row][vc_row css_animation=&#8221;&#8221; row_type=&#8221;row&#8221; use_row_as_full_screen_section=&#8221;no&#8221; type=&#8221;full_width&#8221; angled_section=&#8221;no&#8221; text_align=&#8221;left&#8221; background_image_as_pattern=&#8221;without_pattern&#8221;][vc_column][vc_empty_space][\/vc_column][\/vc_row]<\/p>\n","protected":false},"excerpt":{"rendered":"[vc_row css_animation=&#8221;&#8221; row_type=&#8221;row&#8221; use_row_as_full_screen_section=&#8221;no&#8221; type=&#8221;full_width&#8221; angled_section=&#8221;no&#8221; text_align=&#8221;left&#8221; background_image_as_pattern=&#8221;without_pattern&#8221;][vc_column width=&#8221;1\/4&#8243;][vc_single_image image=&#8221;972&#8243; img_size=&#8221;full&#8221; alignment=&#8221;center&#8221; qode_css_animation=&#8221;&#8221;][vc_empty_space][\/vc_column][vc_column width=&#8221;3\/4&#8243;][vc_column_text] MARIA DAVILA (Malaga, Spain 1990) &nbsp; Mar\u00eda Davila is international doctor in History and Arts from the University from Granada (2019) and Bachelor of Fine Arts from the University of Malaga (2013), where obtained the Extraordinary Prize of Degree. After completing the Master in Production and Research in Art at the University of Granada (2014), has combined its activity artistic with&#8230;","protected":false},"author":1,"featured_media":0,"parent":173,"menu_order":0,"comment_status":"closed","ping_status":"closed","template":"","meta":{"footnotes":"","_links_to":"","_links_to_target":""},"_links":{"self":[{"href":"https:\/\/vesaniart.com\/en\/wp-json\/wp\/v2\/pages\/193"}],"collection":[{"href":"https:\/\/vesaniart.com\/en\/wp-json\/wp\/v2\/pages"}],"about":[{"href":"https:\/\/vesaniart.com\/en\/wp-json\/wp\/v2\/types\/page"}],"author":[{"embeddable":true,"href":"https:\/\/vesaniart.com\/en\/wp-json\/wp\/v2\/users\/1"}],"replies":[{"embeddable":true,"href":"https:\/\/vesaniart.com\/en\/wp-json\/wp\/v2\/comments?post=193"}],"version-history":[{"count":33,"href":"https:\/\/vesaniart.com\/en\/wp-json\/wp\/v2\/pages\/193\/revisions"}],"predecessor-version":[{"id":5097,"href":"https:\/\/vesaniart.com\/en\/wp-json\/wp\/v2\/pages\/193\/revisions\/5097"}],"up":[{"embeddable":true,"href":"https:\/\/vesaniart.com\/en\/wp-json\/wp\/v2\/pages\/173"}],"wp:attachment":[{"href":"https:\/\/vesaniart.com\/en\/wp-json\/wp\/v2\/media?parent=193"}],"curies":[{"name":"wp","href":"https:\/\/api.w.org\/{rel}","templated":true}]}}