{"id":1915,"date":"2019-02-04T14:56:44","date_gmt":"2019-02-04T14:56:44","guid":{"rendered":"https:\/\/vesaniart.com\/?page_id=1915"},"modified":"2022-12-08T13:16:57","modified_gmt":"2022-12-08T13:16:57","slug":"curriculum-bio","status":"publish","type":"page","link":"https:\/\/vesaniart.com\/en\/artistas\/leonel-cunha\/curriculum-bio","title":{"rendered":"Curriculum\/Bio"},"content":{"rendered":"<p>[vc_row css_animation=&#8221;&#8221; row_type=&#8221;row&#8221; use_row_as_full_screen_section=&#8221;no&#8221; type=&#8221;full_width&#8221; angled_section=&#8221;no&#8221; text_align=&#8221;left&#8221; background_image_as_pattern=&#8221;without_pattern&#8221;][vc_column width=&#8221;1\/4&#8243;][vc_single_image image=&#8221;3214&#8243; img_size=&#8221;full&#8221; alignment=&#8221;center&#8221; qode_css_animation=&#8221;&#8221;][vc_empty_space][\/vc_column][vc_column width=&#8221;3\/4&#8243;][vc_column_text]<strong><span class=\"s3\">L<\/span><span class=\"s3\">EONEL CUNHA<br \/>\n(Oporto, Portugal 1968)<br \/>\n<\/span><\/strong><\/p>\n<p>&nbsp;<\/p>\n<p><span class=\"s6\">Concludes his studies of Fine Arts-Painting in 1995 at <\/span><span class=\"s6\">the Faculty of Fine Arts of the University of Oporto, with scholarship from the <\/span><span class=\"s6\">Gulbenkian<\/span><span class=\"s6\"> Foundation in the academic year 1994\/1995. In 2005, he held the Postgraduate Diploma in Multimedia Technology, Faculty of Engineering from the University of Porto. In 2012, he completed a Master&#8217;s Degree in Painting, Faculty of Fine Arts, University of Port. Doctorate in Contemporary Art, in the College of Arts, of the University of Coimbra, 2018\/2021.<\/span><\/p>\n<p>&nbsp;<\/p>\n<p><strong>Individual Exhibitions<\/strong><\/p>\n<p><strong>2020<\/strong><\/p>\n<p>&#8220;La Piel&#8221; Casa Museo, Mijas. M\u00e1laga, Spain<\/p>\n<p><strong>2019<br \/>\n<\/strong>&#8220;Fl\u00e2nerie&#8221;\u00a0Atmosfera m. Porto<strong><br \/>\n<\/strong><\/p>\n<p><strong>2018<\/strong><\/p>\n<p>&#8220;Arquivo&#8221;. Galer\u00eda M\u00e1-Arte, Aveiro<\/p>\n<p><strong>2017<\/strong><\/p>\n<p>&#8220;Pele&#8221; Galer\u00eda Ext\u00e9ril, Oporto<\/p>\n<p>&#8220;Perscruta\u00e7\u00e3o&#8221; Acervo Arte-Contempor\u00e1neo, Lisboa<\/p>\n<p><strong>2016<\/strong><\/p>\n<p>&#8220;Zona de Conforto&#8221; Centr&#8217;arte, Foro de Maia, Maia<\/p>\n<p><strong>2015<\/strong><\/p>\n<p>&#8220;Resson\u00e2ncia&#8221; Silo-Espacio Cultural, Matosinhos<\/p>\n<p>&#8220;Impasse&#8221; Galer\u00eda M\u00e1-Arte, Aveiro<\/p>\n<p>&#8220;Amplia\u00e7\u00e3o&#8221; Audit\u00f3rio de Espinho, Espinho<\/p>\n<p><strong>2014<\/strong><\/p>\n<p>&#8220;Reverberaci\u00f3n&#8221; Galer\u00eda Ext\u00e9ril, Oporto<\/p>\n<p>&#8220;Silencio&#8221; Galer\u00eda M\u00e1-Arte, Aveiro<\/p>\n<p><strong>2013<\/strong><\/p>\n<p>&#8220;En el corredor&#8221; Galer\u00eda Sput&#038;Nik thewindow, Oporto<\/p>\n<p>&#8220;&#8230; son siempre ejercicios sobre pintura&#8221; Galer\u00eda M\u00e1-Arte, Aveiro<\/p>\n<p><strong>2012<\/strong><\/p>\n<p>&#8220;La pintura despu\u00e9s de la muerte&#8221; Museo de la Facultad de Bellas Artes de la Universidad de Oporto, Oporto<\/p>\n<p>&#8220;95-12&#8221; Biblioteca Municipal Rocha Peixoto,\u00a0 P\u00f3voa de Varzim<\/p>\n<p>&#8220;X30&#8221; Galer\u00eda Ext\u00e9ril, Oporto<\/p>\n<p><strong>2011<\/strong><\/p>\n<p>&#8220;Nube&#8221; Espacio Ilimitado, Oporto<\/p>\n<p><strong>2009<\/strong><\/p>\n<p>&#8220;15 minutos de Fama &#8211; Nvm_Cld&#8221; Galer\u00eda Ext\u00e9ril, Oporto.<\/p>\n<p><strong>2007<\/strong><\/p>\n<p>&#8220;Dibujo&#8221; Libreria Index, Oporto<\/p>\n<p><strong>2001<\/strong><\/p>\n<p>&#8220;Sitio de las palabras ausentes&#8221; Centro Cultural del Alto Mi\u00f1o, Viana do Castelo<\/p>\n<p>1995<\/p>\n<p>&#8220;Pintura&#8221; Galer\u00eda Alvarez, Oporto<\/p>\n<p>&nbsp;<\/p>\n<p><strong>Co-author exhibitions<\/strong><\/p>\n<p><strong>2015<\/strong><\/p>\n<p>&#8220;Zona de Confort + Fuera de Zona&#8221; Leonel Cunha e Isabel Dores, Fundaci\u00f3n PT, Espacio Andrade Corvo, Lisboa<\/p>\n<p><strong>2000<\/strong><\/p>\n<p>&#8220;Tourn\u00e9e du Bonheur&#8221; Leonel Cunha y Guilherme Maio; El Museo Amadeo de Sousa Cardoso, Amarante.<\/p>\n<p><strong>1995<\/strong><\/p>\n<p>&#8220;Dependencias&#8221; Leonel Cunha, Guilherme Maio e Nuno de Campos, Furnas naciente de la Aduana de Oporto.<\/p>\n<p>&nbsp;<\/p>\n<p><strong>Collective Exhibitions<\/strong><\/p>\n<p><strong>2020<\/strong><\/p>\n<p>ARTIST\u00a0 International Contemporary Art Fair. 26\/2-1\/3 Madrid, Spain<\/p>\n<p><strong>2018<\/strong><\/p>\n<p>&#8220;JustMad Art Fair&#8221; Stand de Acervo-Arte Contempor\u00e1neo, Madrid<\/p>\n<p>&#8220;Colectivo de dibujos&#8221; Galer\u00eda Ext\u00e9ril, Oporto<\/p>\n<p>&#8220;P de pintura # 2&#8221; Biblioteca Municipal Rocha Peixoto, P\u00f3voa de Varzim<\/p>\n<p>&#8220;Moto Ondoso&#8221; Galer\u00eda M\u00e1-Arte, Aveiro<\/p>\n<p>&#8220;# 001CA&#8221; Galer\u00eda ArtLab24, Espinho<\/p>\n<p><strong>2017\u00a0<\/strong>&#8220;Arte de Bolsillo # 6&#8221; Galer\u00eda Sete, Coimbra<\/p>\n<p>&#8220;Kaleidoscope&#8221; Galer\u00eda Maus H\u00e1bitos \/ Galer\u00eda Sol, Oporto<\/p>\n<p>&#8220;XIX Bienal de Cerveira&#8221; Vila Nova de Cerveira<\/p>\n<p>&#8220;Il Pittore y la Modella&#8221; Assab One, Mil\u00e1n<\/p>\n<p>&#8220;33,3&#8221; Centr&#8217;Arte, Foro de Maia, Maia<\/p>\n<p>&#8220;P de Pintura&#8221; Biblioteca Rocha Peixoto, P\u00f3voa de Varzim<\/p>\n<p><strong>2016<\/strong><\/p>\n<p>&#8220;30&#215;30&#8221; Galer\u00eda Acervo-Arte Contempor\u00e1neo, Lisboa<\/p>\n<p>&#8220;In Good Hands&#8221; 1\u00aa Muestra Anual del Colectivo Acervo-Arte Contempor\u00e1neo, ISEG &#8211; Escuela de Econom\u00eda y Gesti\u00f3n de la Educaci\u00f3n, Lisboa<\/p>\n<p>&#8220;Arte de Bolsillo # 5&#8221; Galer\u00eda Sete, Coimbra<\/p>\n<p>&#8220;Cada Artista en su Ladrillo&#8221; Silo-Espacio Cultural, Matosinhos<\/p>\n<p>&#8220;Inundaci\u00f3n, 5\u00aa Edici\u00f3n&#8221; Biblioteca Municipal Rocha Peixoto, P\u00f3voa de Varzim<\/p>\n<p>&#8220;Exposici\u00f3n Colectiva&#8221; Galer\u00eda Amostra, Maia<\/p>\n<p>&#8220;Baz&#8217;Art&#8221; Foro de Maia \/ Centr\u2019Arte, Maia<\/p>\n<p>&#8220;Il pittore y la modella&#8221; Galer\u00eda M\u00e1-Arte, Aveiro<\/p>\n<p>&#8220;Mostra&#8217;16, 3\u00aa Edici\u00f3n&#8221; Edificio Vasco da Gama, Lisboa<\/p>\n<p>&#8220;P\u00e9riplos \/ Arte Portugu\u00e9s de Hoy&#8221; Centro de Arte Contempor\u00e1neo de M\u00e1laga, M\u00e1laga<\/p>\n<p><strong>2015<\/strong><\/p>\n<p>&#8220;Bienal de Maia&#8221; Lugares de Viaje &#8211; Momento III, Integrado en el Proyecto Poste-V\u00eddeo Arte, Maia<\/p>\n<p>&#8220;XVIII Bienal de Cerveira&#8221; Vila Nova de Cerveira<\/p>\n<p>&#8220;Inundaci\u00f3n, 4\u00aa Edici\u00f3n&#8221; Biblioteca Municipal Rocha Peixoto, P\u00f3voa de Varzim<\/p>\n<p>&#8220;Arte Urbano en Mupis&#8221; AMI, 30 a\u00f1os 30 artistas, Oporto<\/p>\n<p>&#8220;D\u00eda Mundial del Arte&#8221; 04\/18\/2015,Poste-Video Arte, Galer\u00eda Ext\u00e9ril, Oporto<\/p>\n<p>&#8220;De la Ima(gem)gaci\u00f3n&#8221; Colectivo de dibujo, Biblioteca Municipal de Santa Maria da Feira, Santa Maria da Feira<\/p>\n<p><strong>2014<\/strong><\/p>\n<p>&#8220;Inundaci\u00f3n, 3\u00aa Edici\u00f3n&#8221; Biblioteca Municipal Rocha Peixoto, P\u00f3voa de Varzim<\/p>\n<p>&#8220;Arte y Negocios&#8221; Evento Organizado por Weart, Agencia de Arte, 6 de febrero al 22 de marzo de 2014 Oporto Business School Oporto 3 de abril al 17 de mayo de 2014. La Asociaci\u00f3n Industrial del Distrito de Aveiro (AIDA) Aveiro<\/p>\n<p>&#8220;Ver, Hacer, Pensar, Editar&#8221; Proyecto Atlas: Gabinete de dibujo y grabado de la Facultad de Bellas Artes de la Universidad de Oporto. Museo de la Facultad de Bellas Artes de la Universidad de Oporto. Oporto<\/p>\n<p><strong>2013<\/strong><\/p>\n<p>&#8220;Colectiva de Navidad&#8221;. Galer\u00eda 3.14 Arte Contemporaneo. Espinho<\/p>\n<p>&#8220;Aduntorium Non Constant&#8221;. C\u00e1mara Ambigua. Matosinhos<\/p>\n<p>&#8220;Inundaci\u00f3n, 2\u00aa Edici\u00f3n&#8221; Biblioteca Municipal Rocha Peixoto P\u00f3voa de Varzim<\/p>\n<p>&#8220;17\u00aa Bienal de Cerveira&#8221; VilaNova de Cerveira<\/p>\n<p>&#8220;Assobiador&#8221; Galer\u00eda Metamorfose, Oporto<\/p>\n<p>&#8220;56,7&#8221; Galer\u00eda M\u00e1-Arte Aveiro<\/p>\n<p>&#8220;Arte en secreto&#8221; Galer\u00eda dos Le\u00f5es Oporto<\/p>\n<p><strong>2012<\/strong><\/p>\n<p>&#8220;LP&#8221; Sput&#038;Nik Thewindow Oporto<\/p>\n<p>&#8220;Tornado&#8221; Biblioteca Municipal Rocha Peixoto. P\u00f3voa de Varzim<\/p>\n<p>\u201cInundaci\u00f3n, 1\u00aa Edici\u00f3n&#8221; Biblioteca Municipal Rocha Peixoto. P\u00f3voa de Varzim<\/p>\n<p><strong>2011<\/strong><\/p>\n<p>&#8220;Arte en secreto&#8221; Galer\u00eda de los Le\u00f5es Oporto<\/p>\n<p><strong>2010<\/strong><\/p>\n<p>(D) FEFV Festival de cine y v\u00eddeo Galer\u00eda Decumanus (grad Krk) Croacia<\/p>\n<p><strong>2007<\/strong><\/p>\n<p>Exposici\u00f3n de libros de artista Galer\u00eda Subterr\u00e2nea Porto Alegre, Brasil.<\/p>\n<p><strong>2001<\/strong><\/p>\n<p>&#8220;El Adi\u00f3s al Escudo; El portugu\u00e9s en Portugal, en Europa y con el euro &#8220;. 3\u00ba Bienal de Arte de la Fundaci\u00f3n Cupertino de Miranda; Museo de Lamego.<\/p>\n<p>&#8220;Premio Nacional de Pintura J\u00falio Resende&#8221; Gondomar.<\/p>\n<p><strong>1997<\/strong><\/p>\n<p>&#8220;Premio Nacional de Pintura J\u00falio Resende&#8221; Gondomar<\/p>\n<p><strong>1996<\/strong><\/p>\n<p>&#8220;Maestros y J\u00f3venes de la pintura portuguesa&#8221; Auditorio del Santuario de Valle de Cambra.<\/p>\n<p>&#8220;50 a\u00f1os \/ 50 artistas&#8221; Galer\u00eda Municipal Armenio Losa,<\/p>\n<ol>\n<li>Mamede de Infesta.<\/li>\n<\/ol>\n<p>ARTEXPO&#8217;96 Stand de la galer\u00eda Por Amor al Arte, Barcelona.<\/p>\n<p>&#8220;II Concurso Nacional de J\u00f3venes en las Artes&#8221; A.N.J.E., Europarque, St\u00aa Maria da Feira<\/p>\n<p>&#8220;Premio de Pintura Alameda Negreiros&#8221; MAPFRE, Pal\u00e1cio dos Pestanas, Oporto.<\/p>\n<p>&#8220;FAC&#8217;96 \/ Foro Atl\u00e1ntico de Arte Contempor\u00e1neo&#8221; Stand de ARGO, Exponor, Matosinhos.<\/p>\n<p><strong>1995<\/strong><\/p>\n<p>Finalistas de la FBAUP Museo de la FBAUP<\/p>\n<p>Premio de Pintura Fundaci\u00f3n Rot\u00e1ria Portuguesa. Funda\u00e7\u00e3o Eng.\u00ba Ant\u00f3nio de Almeida, Oporto<\/p>\n<p>&#8220;Foro Atl\u00e1ntico de Arte Contempor\u00e1neo&#8221;. Stand de la galer\u00eda Por Amor \u00e0 Arte, Santiago de Compostela<\/p>\n<p>&#8220;ESBAP \/ FBAUP&#8221;. Exposici\u00f3n de la Facultad de Bellas Artes de la Universidad de Oporto, Furnas naciente de la Aduana de Oporto.<\/p>\n<p>&#8220;El arte contempor\u00e1neo de Galicia y norte de Portugal&#8221; Foro de Maia. Maia<\/p>\n<p>&#8220;VIII Bienal de Arte de Cerveira&#8221; Vila Nova de Cerveira<\/p>\n<p>&#8220;Premio de Pintura BCM&#8217;95&#8221; Cooperativa \u00c1rvore; Oporto<\/p>\n<p>&#8220;Premio Nacional de Pintura J\u00falio Resende&#8221; Gondomar<\/p>\n<p>&nbsp;<\/p>\n<p><strong>Collections<\/strong><\/p>\n<p>Fundaci\u00f3n Benetton<\/p>\n<p>Centro Cultural de M\u00e1laga<\/p>\n<p>Facultad de Bellas Artes de la Universidad de Oporto<\/p>\n<p>Asociaci\u00f3n Nacional de J\u00f3venes Empresarios<\/p>\n<p>Banco Comercial de Macao<\/p>\n<p>Ayuntamiento de P\u00f3voa de Varzim<\/p>\n<p>Ayuntamiento de Maia<\/p>\n<p>&nbsp;<\/p>\n<p><strong>Awards<\/strong><\/p>\n<p>3\u00ba Premio, en el I concurso Nacional de J\u00f3venes en las Artes, organizado por la ANJE.<\/p>\n<p>1994<\/p>\n<p>Premio Adquisici\u00f3n &#8220;Rector\u00eda de la Universidad doPorto&#8221;<\/p>\n<p>Facultad de Bellas Artes de la Universidad de Oporto<\/p>\n<p>1995<\/p>\n<p>Premio de Pintura Fernando de Castro<\/p>\n<p>Ateneo Comercial de Oporto<\/p>\n<p>1996<\/p>\n<p>Menci\u00f3n Honor\u00edfica, en el Premio Nacional de Pintura,<\/p>\n<p>Julio Resende<\/p>\n<p>1995<\/p>\n<p>Menci\u00f3n Honor\u00edfica, en el II Concurso Nacional de<\/p>\n<p>J\u00f3venes en las Artes, organizado por la ANJE<\/p>\n<p>1996<\/p>\n<p>Menci\u00f3n Honor\u00edfica, en el Premio Nacional de Pintura,<\/p>\n<p>Julio Resende<\/p>\n<p>1997<\/p>\n<p>Menci\u00f3n Honor\u00edfica, en el Premio Nacional de Pintura,<\/p>\n<p>Julio Resende<\/p>\n<p>2001[\/vc_column_text][\/vc_column][\/vc_row][vc_row css_animation=&#8221;&#8221; row_type=&#8221;row&#8221; use_row_as_full_screen_section=&#8221;no&#8221; type=&#8221;full_width&#8221; angled_section=&#8221;no&#8221; text_align=&#8221;left&#8221; background_image_as_pattern=&#8221;without_pattern&#8221;][vc_column][vc_empty_space][\/vc_column][\/vc_row]<\/p>\n","protected":false},"excerpt":{"rendered":"[vc_row css_animation=&#8221;&#8221; row_type=&#8221;row&#8221; use_row_as_full_screen_section=&#8221;no&#8221; type=&#8221;full_width&#8221; angled_section=&#8221;no&#8221; text_align=&#8221;left&#8221; background_image_as_pattern=&#8221;without_pattern&#8221;][vc_column width=&#8221;1\/4&#8243;][vc_single_image image=&#8221;3214&#8243; img_size=&#8221;full&#8221; alignment=&#8221;center&#8221; qode_css_animation=&#8221;&#8221;][vc_empty_space][\/vc_column][vc_column width=&#8221;3\/4&#8243;][vc_column_text]LEONEL CUNHA (Oporto, Portugal 1968) &nbsp; Concludes his studies of Fine Arts-Painting in 1995 at the Faculty of Fine Arts of the University of Oporto, with scholarship from the Gulbenkian Foundation in the academic year 1994\/1995. In 2005, he held the Postgraduate Diploma in Multimedia Technology, Faculty of Engineering from the University of Porto. In 2012, he completed a Master&#8217;s Degree in&#8230;","protected":false},"author":1,"featured_media":0,"parent":1912,"menu_order":0,"comment_status":"closed","ping_status":"closed","template":"","meta":{"footnotes":"","_links_to":"","_links_to_target":""},"_links":{"self":[{"href":"https:\/\/vesaniart.com\/en\/wp-json\/wp\/v2\/pages\/1915"}],"collection":[{"href":"https:\/\/vesaniart.com\/en\/wp-json\/wp\/v2\/pages"}],"about":[{"href":"https:\/\/vesaniart.com\/en\/wp-json\/wp\/v2\/types\/page"}],"author":[{"embeddable":true,"href":"https:\/\/vesaniart.com\/en\/wp-json\/wp\/v2\/users\/1"}],"replies":[{"embeddable":true,"href":"https:\/\/vesaniart.com\/en\/wp-json\/wp\/v2\/comments?post=1915"}],"version-history":[{"count":25,"href":"https:\/\/vesaniart.com\/en\/wp-json\/wp\/v2\/pages\/1915\/revisions"}],"predecessor-version":[{"id":5068,"href":"https:\/\/vesaniart.com\/en\/wp-json\/wp\/v2\/pages\/1915\/revisions\/5068"}],"up":[{"embeddable":true,"href":"https:\/\/vesaniart.com\/en\/wp-json\/wp\/v2\/pages\/1912"}],"wp:attachment":[{"href":"https:\/\/vesaniart.com\/en\/wp-json\/wp\/v2\/media?parent=1915"}],"curies":[{"name":"wp","href":"https:\/\/api.w.org\/{rel}","templated":true}]}}