{"id":1359,"date":"2018-09-03T09:55:44","date_gmt":"2018-09-03T09:55:44","guid":{"rendered":"https:\/\/vesaniart.com\/en\/?page_id=1359"},"modified":"2022-12-10T22:25:03","modified_gmt":"2022-12-10T22:25:03","slug":"curriculum-bio","status":"publish","type":"page","link":"https:\/\/vesaniart.com\/en\/artistas\/eryk-pall\/curriculum-bio","title":{"rendered":"Curriculum\/Bio"},"content":{"rendered":"<p>[vc_row css_animation=&#8221;&#8221; row_type=&#8221;row&#8221; use_row_as_full_screen_section=&#8221;no&#8221; type=&#8221;full_width&#8221; angled_section=&#8221;no&#8221; text_align=&#8221;left&#8221; background_image_as_pattern=&#8221;without_pattern&#8221;][vc_column width=&#8221;1\/4&#8243;][vc_single_image image=&#8221;1489&#8243; img_size=&#8221;full&#8221; alignment=&#8221;center&#8221; qode_css_animation=&#8221;&#8221;][vc_empty_space][\/vc_column][vc_column width=&#8221;3\/4&#8243;][vc_column_text]<strong>ERYK PALL<br \/>\n(Dijon, France 1982)<\/strong><\/p>\n<p>&nbsp;<\/p>\n<p>Eryk Pall is a French artist born in Dijon formed in multidisciplinary art, animated movie and comic.<\/p>\n<p>Has studied applied art in Montpelier&#8217;s Studio M. Has performed different works as video games and animated movie designer in Paris and Lyon between 2006 and 2013 thanks to which he becomes the figurative and narrative artist he&#8217;s today.<\/p>\n<p>Eryk has begun his artist career in M\u00e1laga where he&#8217;s been living since 2103 by holding individual and collective exhibitions in art galleries around M\u00e1laga, Madrid and Asturias.<\/p>\n<p>Most of his work is done in graphite on paper some of them mixing tempera, oil paint or acrylic. He\u2019s currently studying engraving in malaga since 2015.<\/p>\n<p><strong>The Expedition<\/strong> is an large format evolutive artistic project, which begins in August of 2017,<br \/>\nand in which the artist experiments the idea of the continuity of his work, expanding, horizontally and vertically, the different facets of a journey . In The Expedition, Eryk works on the idea of a personal growth adventure, where he represents himself multiple times to show the different situations of learning. As the drawing grows larger sites are necessary to expose it. So the work chooses the path and takes the artist to new places. The work becomes a vehicle. The two pieces of the project are:<\/p>\n<p>THE TEXTURE OF WATER (59.4 x 300 cm) and<\/p>\n<p>THE SHORTER WAY TO CROSS THE DESERT (59.4 x 321cm) total 59.4 x 621 cm.<\/p>\n<p>From each part of the project a limited edition of 200 high quality copies, printed with pigmented inks on Sihl smooth paper 320g, of 102 cm x 21 cm. approximately.<\/p>\n<p>&nbsp;<\/p>\n<p>EXHIBITIONS<\/p>\n<p>2019<\/p>\n<p>Palacio de Cibeles &#8211; Madrid &#8211; ESPA\u00d1A. Feria de arte Dibumad\u00a0Exposici\u00f3n Colectiva<\/p>\n<p>Ayuntamiento de Mijas-M\u00e1laga &#8211; ESPA\u00d1A. SUBE AL SUR Exposici\u00f3n Colectiva<\/p>\n<p>2018<\/p>\n<p>JARD\u00cdN BOT\u00c1NICO &#8211; M\u00e1laga &#8211; ESPA\u00d1A. Exposici\u00f3n Colectiva Trincharte Facultad Bella Arte UMA<\/p>\n<p>LA CASA AMARILLA\u00a0&#8211; M\u00e1laga &#8211; ESPA\u00d1A. Exposici\u00f3n Colectiva Pi\u00f1a<\/p>\n<p>EL RETORNO DE LILITH &#8211; M\u00e1laga &#8211; ESPA\u00d1A. Exposici\u00f3n Colectiva \u201cBLANCA NAVIDAD\u201d<\/p>\n<p>PERIPHERIE ARTS &#8211; Ittigen &#8211; Bern &#8211; SUIZA. Exposici\u00f3n Colectiva \u201cSUBE AL SUR\u201d<\/p>\n<p>MUSEO PROVINCIAL JA\u00c9N &#8211; Ja\u00e9n &#8211; ESPA\u00d1A. Exposici\u00f3n Colectiva ART JAEN<\/p>\n<p>KIPFER AND LOVER &#8211; Malaga &#8211; ESPA\u00d1A. Collective exhibition QUIERO UNA EXPO DE YO<\/p>\n<p>GALER\u00cdA MIREL MARKARIAN &#8211; Fuengirola &#8211; ESPA\u00d1A. Exposici\u00f3n Colectiva \u201cNATURALEZA\u201d<\/p>\n<p>GALER\u00cdA BENEDITO &#8211; M\u00e1laga &#8211; ESPA\u00d1A. Exposici\u00f3n Colectiva \u201cMAESTROS DEL GRABADO II\u201d<\/p>\n<p>GALERIA MIREL MARKARIAN &#8211; FUENGIROLA (SPAIN). Individual exhibition FRAGMENTS<br \/>\nFIG BILBAO OPEN PORTFOLIO &#8211; BILBAO (SPAIN). Contemporary Art Fair PALACIO ENSANCHE<br \/>\nATENEO &#8211; MALAGA (SPAIN). Collective exhibition MAF FESTIVAL<br \/>\nMAHATMA SHOWROOM &#8211; MALAGA (SPAIN). Individual exhibition THE SHORTER WAY TO CROSS THE DESERT<br \/>\nKIPFER AND LOVER- MALAGA (SPAIN). Collective exhibition VERSION ORIGINAL MAF FESTIVAL<br \/>\nGALERIA MIREL MARKARIAN &#8211; FUENGIROLA (SPAIN). Collective exhibition NATURALEZA<br \/>\nARTE EN TRASTERO &#8211; MALAGA (SPAIN). Collective exhibition TRASTEROS PLUS<\/p>\n<p>2017<br \/>\nLA CASA AMARILLA &#8211; MALAGA (SPAIN). Collective exhibition LOS CO\u00d1OS DE BIGAS LUNA<br \/>\nOPTICA VISUAL &#8211; MALAGA (SPAIN). Individual exhibition FROM NADIR TO ZENITH<br \/>\nART &#038; BREAKFAST &#8211; MALAGA (SPAIN). Contemporary Art Fair ROOM MATE LARIOS<br \/>\nALMA GRAFICA &#8211; OVIEDO (SPAIN). Contemporary Art Fair<br \/>\nGRAVURA GALLERY &#8211; MALAGA (SPAIN). Collective exhibition LA MORDIDA Y EL TRAZO<br \/>\nLA CASA AMARILLA &#8211; MALAGA (SPAIN). Individual exhibition IRRATIONAL EUPHORIA &#8211; THE ORIGIN<br \/>\nMETROPOL OPENING ART &#8211; SEVILLA (SPAIN). Contemporary Art Fair<br \/>\nGRAVURA GALLERY &#8211; MALAGA (SPAIN). Collective exhibition LOS ANGELES NOMADAS<\/p>\n<p>2016<br \/>\nSEAP &#8211; MALAGA (SPAIN). Collective exhibition CERVANTES, SHAKESPEARE: ILUSTRADOS MAF<br \/>\nNATIONAL ENGRAVING CONTEST JOSE CABALLERO \u2013 LAS ROZAS MADRID (SPAIN). Spanish National Engraving Contest<br \/>\nSALA EXPOSICIONES AYUNTAMIENTO \u2013 ANTEQUERA (SPAIN). Collective exhibition organised by Artistas Acoge<br \/>\nGRAVURA GALLERY \u2013 M\u00c1LAGA (SPAIN). Collective exhibition \u201cTela\u201d<\/p>\n<p>2015<br \/>\nGRAVURA GALLERY \u2013 M\u00c1LAGA (SPAIN). Collective exhibition \u201cHilos\u201d<br \/>\nSALA SANTA MARIA \u2013 COIN (SPAIN). Collective exhibition organised by Artistas Acoge<br \/>\nCASA DE LA CULTURA \u2013 FUENGIROLA (SPAIN). Collective exhibition organised by Artistas Acoge<\/p>\n<p>2014<br \/>\nGRAVURA GALLERY \u2013 M\u00c1LAGA (SPAIN). Individual exhibition ON | OFF<br \/>\nESPACIO CIEN FUEGOS \u2013 M\u00c1LAGA (SPAIN). Collective exhibition organised by Artistas Acoge<br \/>\nSALA FUNDACION CRUZCAMPO \u2013 M\u00c1LAGA (SPAIN). Collective exhibition \u201cAcciones en bolsa\u201d<br \/>\nCAJA BLANCA \u2013 M\u00c1LAGA (SPAIN). Collective exhibition of Malagacrea selected artists<br \/>\nESPACIO SOHO COWORKING \u2013 M\u00c1LAGA (SPAIN). Collective exhibition \u201cRevello de estraperlo\u201d<\/p>\n<p>&nbsp;<\/p>\n<p>CONTESTS<\/p>\n<p>2017<br \/>\nATENEO CONTEST &#8211; ATENEO MALAGA (SPAIN). Engraving \u00ab THE STRATEGIST \u00bb<\/p>\n<p>2016<br \/>\nCERTAMEN NACIONAL JOSE CABALLERO \u2013 LAS ROZAS MADRID (SPAIN). Spanish National Engraving Contest Engraving \u00ab THE GUIDE \u00bb Selected for national exhibition<br \/>\nATENEO CONTEST \u2013 ATENEO MALAGA (SPAIN). Engraving \u00ab THE PATHFINDER \u00bb<\/p>\n<p>&nbsp;<\/p>\n<p>RESIDENCY<\/p>\n<p>2016<br \/>\nGLO\u2019ART &#8211; LANAKEN (BELGIUM)[\/vc_column_text][\/vc_column][\/vc_row][vc_row css_animation=&#8221;&#8221; row_type=&#8221;row&#8221; use_row_as_full_screen_section=&#8221;no&#8221; type=&#8221;full_width&#8221; angled_section=&#8221;no&#8221; text_align=&#8221;left&#8221; background_image_as_pattern=&#8221;without_pattern&#8221;][vc_column][vc_empty_space][\/vc_column][\/vc_row]<\/p>\n","protected":false},"excerpt":{"rendered":"[vc_row css_animation=&#8221;&#8221; row_type=&#8221;row&#8221; use_row_as_full_screen_section=&#8221;no&#8221; type=&#8221;full_width&#8221; angled_section=&#8221;no&#8221; text_align=&#8221;left&#8221; background_image_as_pattern=&#8221;without_pattern&#8221;][vc_column width=&#8221;1\/4&#8243;][vc_single_image image=&#8221;1489&#8243; img_size=&#8221;full&#8221; alignment=&#8221;center&#8221; qode_css_animation=&#8221;&#8221;][vc_empty_space][\/vc_column][vc_column width=&#8221;3\/4&#8243;][vc_column_text]ERYK PALL (Dijon, France 1982) &nbsp; Eryk Pall is a French artist born in Dijon formed in multidisciplinary art, animated movie and comic. Has studied applied art in Montpelier&#8217;s Studio M. Has performed different works as video games and animated movie designer in Paris and Lyon between 2006 and 2013 thanks to which he becomes the figurative and narrative artist he&#8217;s today&#8230;.","protected":false},"author":1,"featured_media":0,"parent":1356,"menu_order":0,"comment_status":"closed","ping_status":"closed","template":"","meta":{"footnotes":"","_links_to":"","_links_to_target":""},"_links":{"self":[{"href":"https:\/\/vesaniart.com\/en\/wp-json\/wp\/v2\/pages\/1359"}],"collection":[{"href":"https:\/\/vesaniart.com\/en\/wp-json\/wp\/v2\/pages"}],"about":[{"href":"https:\/\/vesaniart.com\/en\/wp-json\/wp\/v2\/types\/page"}],"author":[{"embeddable":true,"href":"https:\/\/vesaniart.com\/en\/wp-json\/wp\/v2\/users\/1"}],"replies":[{"embeddable":true,"href":"https:\/\/vesaniart.com\/en\/wp-json\/wp\/v2\/comments?post=1359"}],"version-history":[{"count":27,"href":"https:\/\/vesaniart.com\/en\/wp-json\/wp\/v2\/pages\/1359\/revisions"}],"predecessor-version":[{"id":5086,"href":"https:\/\/vesaniart.com\/en\/wp-json\/wp\/v2\/pages\/1359\/revisions\/5086"}],"up":[{"embeddable":true,"href":"https:\/\/vesaniart.com\/en\/wp-json\/wp\/v2\/pages\/1356"}],"wp:attachment":[{"href":"https:\/\/vesaniart.com\/en\/wp-json\/wp\/v2\/media?parent=1359"}],"curies":[{"name":"wp","href":"https:\/\/api.w.org\/{rel}","templated":true}]}}