{"id":1354,"date":"2018-09-03T09:52:49","date_gmt":"2018-09-03T09:52:49","guid":{"rendered":"https:\/\/vesaniart.com\/en\/?page_id=1354"},"modified":"2022-12-10T22:03:44","modified_gmt":"2022-12-10T22:03:44","slug":"curriculum-bio","status":"publish","type":"page","link":"https:\/\/vesaniart.com\/en\/artistas\/chema-lumbreras\/curriculum-bio","title":{"rendered":"Curriculum\/Bio"},"content":{"rendered":"<p>[vc_row css_animation=&#8221;&#8221; row_type=&#8221;row&#8221; use_row_as_full_screen_section=&#8221;no&#8221; type=&#8221;full_width&#8221; angled_section=&#8221;no&#8221; text_align=&#8221;left&#8221; background_image_as_pattern=&#8221;without_pattern&#8221;][vc_column width=&#8221;1\/4&#8243;][vc_single_image image=&#8221;1518&#8243; img_size=&#8221;full&#8221; alignment=&#8221;center&#8221; qode_css_animation=&#8221;&#8221;][vc_empty_space][\/vc_column][vc_column width=&#8221;3\/4&#8243;][vc_column_text]<strong>CHEMA LUMBRERAS<br \/>\n(M\u00e1laga, Spain 1957)<br \/>\n<\/strong><\/p>\n<p>&nbsp;<\/p>\n<p>Chema Lumbreras was born in M\u00e1laga in 1957. He received a degree in Bachelor of Fine Arts from the Complutense University in Madrid. The most part of his life has been working at the same time as art teacher and in his studio. At present, he devotes all his time at his work of art in his studio. His work has been acquired by private, public institutions and collections such as the Coca Cola Foundation, CAAC Contemporary Art Center of Seville, CAC Contemporary Art Center of Malaga, Picasso Foundation of Malaga, Pamplona City Council, Malaga City Council, Unicaja Collection of Malaga, RENFE Collection, etc.<\/p>\n<p><strong>SELECTED SOLO EXHIBITIONS<\/strong><br \/>\n2018<br \/>\nThe light and the night [La luz y la noche]. Century Space of Unicaja, M\u00e1laga. Spain<br \/>\nThe light and the night [La luz y la noche]. Unicaja Gallery, Antequera. Spain<\/p>\n<p>2017<br \/>\nChema Lumberas. Paintings and Sculptures [Pinturas y Esculturas]. Bezmiliana High School Gallery. Rinc\u00f3n de la Victoria, M\u00e1laga. Spain<\/p>\n<p>2016<br \/>\nGreen shoots [Brotes verdes]. Art School of San Telmo Gallery .Galer\u00eda de la Escuela de Arte San Telmo. M\u00e1laga. Spain<\/p>\n<p>2013<br \/>\nProyects [Proyectos]. Christine Picasso High School Gallery. Puerta de la Axarqu\u00eda. Ben Al Jatib (M\u00e1laga).Spain<\/p>\n<p>2012<br \/>\nHow art made me doubly blind [C\u00f3mo el arte me hizo doblemente ciego]. Casa fuerte de Bezmiliana, Rinc\u00f3n de la Victoria. M\u00e1laga. Spain<\/p>\n<p>2011<br \/>\nLosses [Extrav\u00edos], Alfredo Vi\u00f1as Gallery, M\u00e1laga. Spain<br \/>\nWonderland, Robert Harvey Space, Benagalb\u00f3n. M\u00e1laga. Spain<\/p>\n<p>2009<br \/>\nChema lumbreras, Maior Gallery, Palma de Mallorca. Spain.<\/p>\n<p>2008<br \/>\nRecent works [Obra reciente], Alfredo Vi\u00f1as Gallery, M\u00e1laga.Spain<\/p>\n<p>2007<br \/>\nSculptures [Esculturas]. MCO Gallery, Oporto. Portugal<\/p>\n<p>2006<br \/>\nA Chinese Tale [Un cuento chino]. Alfredo Vi\u00f1as Gallery, M\u00e1laga. Spain<\/p>\n<p>2005<br \/>\nChema Lumbreras. CAC M\u00e1laga, Contemporary Art Center of M\u00e1laga. Spain<\/p>\n<p>2004<br \/>\nPandemic [Pandemia]. Magda Belloti Gallery, Madrid.Spain<br \/>\nFarmacon. Centro Cultural Provincial de la Diputaci\u00f3n de M\u00e1laga. Spain<\/p>\n<p>2003<br \/>\nHardness and strength [Dureza y Fuerza]. Alfredo Vi\u00f1as Gallery, M\u00e1laga. Spain<\/p>\n<p>2000<br \/>\nMagda Belloti Gallery, Algeciras. Spain<\/p>\n<p>1998<br \/>\nPaintings .Colegio de Abogados Gallery, M\u00e1laga. Spain<br \/>\nPaintings. Alfredo Vi\u00f1as Gallery, M\u00e1laga. Spain<\/p>\n<p>1997<br \/>\nPicasso Foundation Grant Exhibition. XXI Century Municipal Hall Space. Sala Municipal Siglo XXI, M\u00e1laga. Spain<br \/>\nPaintings. Alfredo Vi\u00f1as Gallery, M\u00e1laga. Spain<\/p>\n<p>1996<br \/>\nPaintings and Installations. Town Hall of Nerja Space. Casa Consistorial, Nerja. M\u00e1laga. Spain<\/p>\n<p>1995<br \/>\nUNICEF Art Center. Sevilla. Spain<\/p>\n<p>1994<br \/>\nAlfredo Vi\u00f1as Gallery, M\u00e1laga. Spain<\/p>\n<p>1992<br \/>\nPaintings. Diputaci\u00f3n Provincial de M\u00e1laga. Spain<\/p>\n<p>1991<br \/>\nPaintings. Colegio de Arquitectos de M\u00e1laga. Spain<\/p>\n<p>1989<br \/>\nMirrors [Espejos]. Diputaci\u00f3n Provincial de M\u00e1laga. Spain<\/p>\n<p>1986<br \/>\nPaintings. Colegio de Arquitectos de M\u00e1laga. Spain<\/p>\n<p>1984<br \/>\nPaintings. Terral Gallery, M\u00e1laga. Spain<\/p>\n<p>1983<br \/>\nPaintings. Colectivo Palmo, M\u00e1laga. Spain<\/p>\n<p>1982<br \/>\nTheTurkey [El Pavo]. Ateneo de M\u00e1laga. Spain<\/p>\n<p><strong>SELECTED JOINT EXHIBITIONS<\/strong><\/p>\n<p>2018<br \/>\nSummary for Tourists. 3&#215;4 Gallery, Madrid. Spain<br \/>\nMadrid Art Fair HIBRID [Hibrid Feria de Arte Madrid]. Spain<br \/>\nOther places of Painting. Tribute to Mar\u00eda Zambrano [Otros lugares de la pintura. Homenaje a Mar\u00eda Zambrano]. Space of the Hispanic Moroccan Center. M\u00e1laga. Spain<\/p>\n<p>2017<br \/>\nJM Show, J.M.Gallery. M\u00e1laga. Spain<br \/>\nThe Nomadic Angels [Los \u00c1ngeles N\u00f3madas], Gravura Gallery. M\u00e1laga. Spain<br \/>\nMOA Feria de Arte. Sevilla. Spain<br \/>\nIn hands.[Entre manos]. Ignacio del R\u00edo Gallery. M\u00e1laga. Spain<br \/>\nFragua ART, Casabermeja. M\u00e1laga. Spain<br \/>\nSolidarity Art [Arte solidario]. Torremolinos. Spain<br \/>\nOviedo Art Fair GRAPHIC SOUL [ALMA GR\u00c1FICA. Feria de Arte de Oviedo]. Spain<br \/>\nSurprisart [Sorpresarte].3x4Gallery. Madrid. Spain<br \/>\n40 a\u00f1os del MUACP. M\u00e1laga. Spain<\/p>\n<p>2016<br \/>\nScripts for Gulliver [Guiones para Gulliver], MAD. Museo de Arte de la Diputaci\u00f3n de M\u00e1laga. Antequera. Spain<br \/>\nMADE IN SPAIN (itinerant). Exposici\u00f3n itinerante. Venecia&#8230; Organized by CAC. Curated by Fernando Franc\u00e9s. M\u00e1laga. Spain<br \/>\nTextil [Tela], Gravura Gallery, M\u00e1laga. Spain<br \/>\n3&#215;4 Gallery. Madrid. Spain<br \/>\nArt Fair Ja\u00e9n. Feria de Arte de Ja\u00e9n. Ja\u00e9n. Spain<br \/>\nThe board as canvas [La tabla como Lienzo]. San Telmo School of Art. M\u00e1laga. Spain<\/p>\n<p>2015<br \/>\nStones [Piedras], MAD, Museo de Arte de la Diputaci\u00f3n de M\u00e1laga. Antequera. Spain<br \/>\nThreads [Hilos], Gravura Gallery, M\u00e1laga.<\/p>\n<p>2014<br \/>\nNeighbours II. CAC, Centro de Arte Contempor\u00e1neo de M\u00e1laga. Spain<br \/>\nIrreconcilable [Irreconciliables], Centro de la Generaci\u00f3n del 27. M\u00e1laga. Spain<br \/>\nAction [Acci\u00f3n], Gravura Gallery, M\u00e1laga. Spain<br \/>\nBetween lines [Entre l\u00edneas], Kunsthaus am Lohrberg. Frankfurt. Germany<\/p>\n<p>2013<br \/>\nNever Ever [Nunca Jam\u00e1s]. Valent\u00edn de Madariaga Foundation, Sevilla. Spain<br \/>\nLife without more [La vida sin m\u00e1s], Centro Unicaja de Cultura de Antequera. Spain<br \/>\nMinimal World [Mundo M\u00ednimo]. Gravura Gallery, M\u00e1laga. Spain<br \/>\nThe table stretcher: warm space [La mesa camilla: espacio caliente]. La Sala de Blas Espacio Independiente, Archidona. Spain<br \/>\nHomage to the artist Nano Duran [Homenaje al artista Nano Duran], Alfredo Vi\u00f1as Gallery, M\u00e1laga. Spain<\/p>\n<p>2012<br \/>\nNeighbours, CAC Centro de Arte Contempor\u00e1neo de Malaga. Spain<br \/>\nCollaborators of the Gravura Space, [Colaboradores del taller Gravura]. Instituto Cervantes de Toulouse y de Lyon. France<\/p>\n<p>2011<br \/>\nARCO&#8217; 11. Alfredo Vi\u00f1as Gallery, Madrid. Spain<br \/>\nCuts [Recortes]. Gravura Gallery, M\u00e1laga. Spain<\/p>\n<p>2010<br \/>\nARCO&#8217; 10. Alfredo Vi\u00f1as Gallery, Madrid. Spain<br \/>\nBox populi. Gravura Gallery, M\u00e1laga. Spain[\/vc_column_text][\/vc_column][\/vc_row][vc_row css_animation=&#8221;&#8221; row_type=&#8221;row&#8221; use_row_as_full_screen_section=&#8221;no&#8221; type=&#8221;full_width&#8221; angled_section=&#8221;no&#8221; text_align=&#8221;left&#8221; background_image_as_pattern=&#8221;without_pattern&#8221;][vc_column][vc_empty_space][\/vc_column][\/vc_row]<\/p>\n","protected":false},"excerpt":{"rendered":"[vc_row css_animation=&#8221;&#8221; row_type=&#8221;row&#8221; use_row_as_full_screen_section=&#8221;no&#8221; type=&#8221;full_width&#8221; angled_section=&#8221;no&#8221; text_align=&#8221;left&#8221; background_image_as_pattern=&#8221;without_pattern&#8221;][vc_column width=&#8221;1\/4&#8243;][vc_single_image image=&#8221;1518&#8243; img_size=&#8221;full&#8221; alignment=&#8221;center&#8221; qode_css_animation=&#8221;&#8221;][vc_empty_space][\/vc_column][vc_column width=&#8221;3\/4&#8243;][vc_column_text]CHEMA LUMBRERAS (M\u00e1laga, Spain 1957) &nbsp; Chema Lumbreras was born in M\u00e1laga in 1957. He received a degree in Bachelor of Fine Arts from the Complutense University in Madrid. The most part of his life has been working at the same time as art teacher and in his studio. At present, he devotes all his time at his work of art in&#8230;","protected":false},"author":1,"featured_media":0,"parent":1350,"menu_order":0,"comment_status":"closed","ping_status":"closed","template":"","meta":{"footnotes":"","_links_to":"","_links_to_target":""},"_links":{"self":[{"href":"https:\/\/vesaniart.com\/en\/wp-json\/wp\/v2\/pages\/1354"}],"collection":[{"href":"https:\/\/vesaniart.com\/en\/wp-json\/wp\/v2\/pages"}],"about":[{"href":"https:\/\/vesaniart.com\/en\/wp-json\/wp\/v2\/types\/page"}],"author":[{"embeddable":true,"href":"https:\/\/vesaniart.com\/en\/wp-json\/wp\/v2\/users\/1"}],"replies":[{"embeddable":true,"href":"https:\/\/vesaniart.com\/en\/wp-json\/wp\/v2\/comments?post=1354"}],"version-history":[{"count":13,"href":"https:\/\/vesaniart.com\/en\/wp-json\/wp\/v2\/pages\/1354\/revisions"}],"predecessor-version":[{"id":5077,"href":"https:\/\/vesaniart.com\/en\/wp-json\/wp\/v2\/pages\/1354\/revisions\/5077"}],"up":[{"embeddable":true,"href":"https:\/\/vesaniart.com\/en\/wp-json\/wp\/v2\/pages\/1350"}],"wp:attachment":[{"href":"https:\/\/vesaniart.com\/en\/wp-json\/wp\/v2\/media?parent=1354"}],"curies":[{"name":"wp","href":"https:\/\/api.w.org\/{rel}","templated":true}]}}