{"id":1350,"date":"2018-09-03T09:49:35","date_gmt":"2018-09-03T09:49:35","guid":{"rendered":"https:\/\/vesaniart.com\/?page_id=1350"},"modified":"2018-09-03T09:51:16","modified_gmt":"2018-09-03T09:51:16","slug":"chema-lumbreras","status":"publish","type":"page","link":"https:\/\/vesaniart.com\/en\/artistas\/chema-lumbreras","title":{"rendered":"Chema Lumbreras"},"content":{"rendered":"<p>[vc_row css_animation=&#8221;&#8221; row_type=&#8221;row&#8221; use_row_as_full_screen_section=&#8221;no&#8221; type=&#8221;full_width&#8221; angled_section=&#8221;no&#8221; text_align=&#8221;left&#8221; background_image_as_pattern=&#8221;without_pattern&#8221;][vc_column][vc_column_text]<a class=\"biolink\" href=\"\/en\/artistas\/chema-lumbreras\/curriculum-bio\"><i class=\"fa fa-address-card-o\" aria-hidden=\"true\"><\/i>Curriculum \/ Bio<\/a>[\/vc_column_text][vc_empty_space height=&#8221;52px&#8221;][vc_column_text]<\/p>\n<div class=\"foogallery foogallery-container foogallery-masonry foogallery-lightbox-foobox fg-center fg-masonry fg-light fg-shadow-outline fg-loading-trail fg-loaded-fade-in fg-captions-bottom fg-hover-fade fg-hover-eye fg-ready fg-col4\" id=\"foogallery-gallery-1346\" data-foogallery=\"{&quot;item&quot;:{&quot;showCaptionTitle&quot;:false,&quot;showCaptionDescription&quot;:true},&quot;lazy&quot;:true}\" >\r\n\t\t<div class=\"fg-column-width\"><\/div>\r\n\t<div class=\"fg-gutter-width\"><\/div>\r\n\t\t<div class=\"fg-item fg-type-image fg-idle\"><figure class=\"fg-item-inner\"><a  href=\"https:\/\/vesaniart.com\/wp-content\/uploads\/2018\/10\/colgando-chema-lumbreras.jpg\" data-rel=\"lightbox-gallery-0\" data-rl_title=\"Cherma Lumbreras\" data-rl_caption=\"\" data-caption-desc=\"Cherma Lumbreras\" data-attachment-id=\"1525\" class=\"fg-thumb\" title=\"Cherma Lumbreras\"><span class=\"fg-image-wrap\"><img alt=\"Cherma Lumbreras\" width=\"320\" height=\"320\" class=\"skip-lazy fg-image\" data-src-fg=\"https:\/\/vesaniart.com\/wp-content\/uploads\/cache\/2018\/10\/colgando-chema-lumbreras\/1634608124.jpg\" src=\"data:image\/svg+xml,%3Csvg%20xmlns%3D%22http%3A%2F%2Fwww.w3.org%2F2000%2Fsvg%22%20width%3D%22320%22%20height%3D%22320%22%20viewBox%3D%220%200%20320%20320%22%3E%3C%2Fsvg%3E\" loading=\"eager\"><\/span><span class=\"fg-image-overlay\"><\/span><\/a><figcaption class=\"fg-caption\"><div class=\"fg-caption-inner\"><div class=\"fg-caption-desc\">Cherma Lumbreras<\/div><\/div><\/figcaption><\/figure><div class=\"fg-loader\"><\/div><\/div><div class=\"fg-item fg-type-image fg-idle\"><figure class=\"fg-item-inner\"><a  href=\"https:\/\/vesaniart.com\/wp-content\/uploads\/2018\/09\/sueno-1.jpg\" data-rel=\"lightbox-gallery-0\" data-rl_title=\"SUE\u00d1O. A\u00f1o 2017. T\u00e9cnica mixta (varilla de acero, hierro, alambre, papel encolado, cuerda y pintura acr\u00edlica) 150cm de alto\" data-rl_caption=\"\" data-caption-desc=\"SUE\u00d1O. A\u00f1o 2017. T\u00e9cnica mixta (varilla de acero, hierro, alambre, papel encolado, cuerda y pintura acr\u00edlica) 150cm de alto\" data-attachment-id=\"1532\" class=\"fg-thumb\" title=\"SUE\u00d1O. A\u00f1o 2017. T\u00e9cnica mixta (varilla de acero, hierro, alambre, papel encolado, cuerda y pintura acr\u00edlica) 150cm de alto\"><span class=\"fg-image-wrap\"><img alt=\"SUE\u00d1O. A\u00f1o 2017. T\u00e9cnica mixta (varilla de acero, hierro, alambre, papel encolado, cuerda y pintura acr\u00edlica) 150cm de alto\" width=\"320\" height=\"953\" class=\"skip-lazy fg-image\" data-src-fg=\"https:\/\/vesaniart.com\/wp-content\/uploads\/cache\/2018\/09\/sueno-1\/2645719588.jpg\" src=\"data:image\/svg+xml,%3Csvg%20xmlns%3D%22http%3A%2F%2Fwww.w3.org%2F2000%2Fsvg%22%20width%3D%22320%22%20height%3D%22953%22%20viewBox%3D%220%200%20320%20953%22%3E%3C%2Fsvg%3E\" loading=\"eager\"><\/span><span class=\"fg-image-overlay\"><\/span><\/a><figcaption class=\"fg-caption\"><div class=\"fg-caption-inner\"><div class=\"fg-caption-desc\">SUE\u00d1O. A\u00f1o 2017. T\u00e9cnica mixta (varilla de acero, hierro, alambre, papel encolado, cuerda y pintura acr\u00edlica) 150cm de alto<\/div><\/div><\/figcaption><\/figure><div class=\"fg-loader\"><\/div><\/div><div class=\"fg-item fg-type-image fg-idle\"><figure class=\"fg-item-inner\"><a  href=\"https:\/\/vesaniart.com\/wp-content\/uploads\/2020\/12\/captura-de-pantalla-2020-12-24-a-las-111141.png\" data-rel=\"lightbox-gallery-0\" data-rl_title=\"detalle de &quot;SUE\u00d1O&quot;\" data-rl_caption=\"\" data-caption-desc=\"detalle de &quot;SUE\u00d1O&quot;\" data-attachment-id=\"3919\" class=\"fg-thumb\" title=\"detalle de &quot;SUE\u00d1O&quot;\"><span class=\"fg-image-wrap\"><img alt=\"detalle de &quot;SUE\u00d1O&quot;\" width=\"320\" height=\"264\" class=\"skip-lazy fg-image\" data-src-fg=\"https:\/\/vesaniart.com\/wp-content\/uploads\/cache\/2020\/12\/captura-de-pantalla-2020-12-24-a-las-111141\/2480245705.png\" src=\"data:image\/svg+xml,%3Csvg%20xmlns%3D%22http%3A%2F%2Fwww.w3.org%2F2000%2Fsvg%22%20width%3D%22320%22%20height%3D%22264%22%20viewBox%3D%220%200%20320%20264%22%3E%3C%2Fsvg%3E\" loading=\"eager\"><\/span><span class=\"fg-image-overlay\"><\/span><\/a><figcaption class=\"fg-caption\"><div class=\"fg-caption-inner\"><div class=\"fg-caption-desc\">detalle de \"SUE\u00d1O\"<\/div><\/div><\/figcaption><\/figure><div class=\"fg-loader\"><\/div><\/div><div class=\"fg-item fg-type-image fg-idle\"><figure class=\"fg-item-inner\"><a  href=\"https:\/\/vesaniart.com\/wp-content\/uploads\/2018\/09\/interrogando-la-metafora.jpg\" data-rel=\"lightbox-gallery-0\" data-rl_title=\"INTERROGANDO LA MET\u00c1FORA. A\u00f1o:2018. T\u00e9cnica mixta (tronco de arbusto, alambre, papel...) Dimensiones variables, largo 110cm aprox.\" data-rl_caption=\"\" data-caption-desc=\"INTERROGANDO LA MET\u00c1FORA. A\u00f1o:2018. T\u00e9cnica mixta (tronco de arbusto, alambre, papel...) Dimensiones variables, largo 110cm aprox.\" data-attachment-id=\"1511\" class=\"fg-thumb\" title=\"INTERROGANDO LA MET\u00c1FORA. A\u00f1o:2018. T\u00e9cnica mixta (tronco de arbusto, alambre, papel...) Dimensiones variables, largo 110cm aprox.\"><span class=\"fg-image-wrap\"><img alt=\"INTERROGANDO LA MET\u00c1FORA. A\u00f1o:2018. T\u00e9cnica mixta (tronco de arbusto, alambre, papel...) Dimensiones variables, largo 110cm aprox.\" width=\"320\" height=\"427\" class=\"skip-lazy fg-image\" data-src-fg=\"https:\/\/vesaniart.com\/wp-content\/uploads\/cache\/2018\/09\/interrogando-la-metafora\/2505349595.jpg\" src=\"data:image\/svg+xml,%3Csvg%20xmlns%3D%22http%3A%2F%2Fwww.w3.org%2F2000%2Fsvg%22%20width%3D%22320%22%20height%3D%22427%22%20viewBox%3D%220%200%20320%20427%22%3E%3C%2Fsvg%3E\" loading=\"eager\"><\/span><span class=\"fg-image-overlay\"><\/span><\/a><figcaption class=\"fg-caption\"><div class=\"fg-caption-inner\"><div class=\"fg-caption-desc\">INTERROGANDO LA MET\u00c1FORA. A\u00f1o:2018. T\u00e9cnica mixta (tronco de arbusto, alambre, papel...) Dimensiones variables, largo 110cm aprox.<\/div><\/div><\/figcaption><\/figure><div class=\"fg-loader\"><\/div><\/div><div class=\"fg-item fg-type-image fg-idle\"><figure class=\"fg-item-inner\"><a  href=\"https:\/\/vesaniart.com\/wp-content\/uploads\/2018\/09\/img-20180904-wa0021.jpg\" data-rel=\"lightbox-gallery-0\" data-rl_title=\"detalle de INTERROGANDO LA MET\u00c1FORA\" data-rl_caption=\"\" data-caption-desc=\"detalle de INTERROGANDO LA MET\u00c1FORA\" data-attachment-id=\"1513\" class=\"fg-thumb\" title=\"detalle de INTERROGANDO LA MET\u00c1FORA\"><span class=\"fg-image-wrap\"><img alt=\"detalle de INTERROGANDO LA MET\u00c1FORA\" width=\"320\" height=\"427\" class=\"skip-lazy fg-image\" data-src-fg=\"https:\/\/vesaniart.com\/wp-content\/uploads\/cache\/2018\/09\/img-20180904-wa0021\/3884836297.jpg\" src=\"data:image\/svg+xml,%3Csvg%20xmlns%3D%22http%3A%2F%2Fwww.w3.org%2F2000%2Fsvg%22%20width%3D%22320%22%20height%3D%22427%22%20viewBox%3D%220%200%20320%20427%22%3E%3C%2Fsvg%3E\" loading=\"eager\"><\/span><span class=\"fg-image-overlay\"><\/span><\/a><figcaption class=\"fg-caption\"><div class=\"fg-caption-inner\"><div class=\"fg-caption-desc\">detalle de INTERROGANDO LA MET\u00c1FORA<\/div><\/div><\/figcaption><\/figure><div class=\"fg-loader\"><\/div><\/div><div class=\"fg-item fg-type-image fg-idle\"><figure class=\"fg-item-inner\"><a  href=\"https:\/\/vesaniart.com\/wp-content\/uploads\/2018\/09\/img-20180904-wa0020.jpg\" data-rel=\"lightbox-gallery-0\" data-rl_title=\"detalle de INTERROGANDO LA MET\u00c1FORA\" data-rl_caption=\"\" data-caption-desc=\"detalle de INTERROGANDO LA MET\u00c1FORA\" data-attachment-id=\"1512\" class=\"fg-thumb\" title=\"detalle de INTERROGANDO LA MET\u00c1FORA\"><span class=\"fg-image-wrap\"><img alt=\"detalle de INTERROGANDO LA MET\u00c1FORA\" width=\"320\" height=\"427\" class=\"skip-lazy fg-image\" data-src-fg=\"https:\/\/vesaniart.com\/wp-content\/uploads\/cache\/2018\/09\/img-20180904-wa0020\/2762240223.jpg\" src=\"data:image\/svg+xml,%3Csvg%20xmlns%3D%22http%3A%2F%2Fwww.w3.org%2F2000%2Fsvg%22%20width%3D%22320%22%20height%3D%22427%22%20viewBox%3D%220%200%20320%20427%22%3E%3C%2Fsvg%3E\" loading=\"eager\"><\/span><span class=\"fg-image-overlay\"><\/span><\/a><figcaption class=\"fg-caption\"><div class=\"fg-caption-inner\"><div class=\"fg-caption-desc\">detalle de INTERROGANDO LA MET\u00c1FORA<\/div><\/div><\/figcaption><\/figure><div class=\"fg-loader\"><\/div><\/div><\/div>\n<p>[\/vc_column_text][vc_empty_space][\/vc_column][\/vc_row]<\/p>\n","protected":false},"excerpt":{"rendered":"[vc_row css_animation=&#8221;&#8221; row_type=&#8221;row&#8221; use_row_as_full_screen_section=&#8221;no&#8221; type=&#8221;full_width&#8221; angled_section=&#8221;no&#8221; text_align=&#8221;left&#8221; background_image_as_pattern=&#8221;without_pattern&#8221;][vc_column][vc_column_text]Curriculum \/ Bio[\/vc_column_text][vc_empty_space height=&#8221;52px&#8221;][vc_column_text] [\/vc_column_text][vc_empty_space][\/vc_column][\/vc_row]","protected":false},"author":1,"featured_media":0,"parent":33,"menu_order":0,"comment_status":"closed","ping_status":"closed","template":"","meta":{"footnotes":"","_links_to":"","_links_to_target":""},"_links":{"self":[{"href":"https:\/\/vesaniart.com\/en\/wp-json\/wp\/v2\/pages\/1350"}],"collection":[{"href":"https:\/\/vesaniart.com\/en\/wp-json\/wp\/v2\/pages"}],"about":[{"href":"https:\/\/vesaniart.com\/en\/wp-json\/wp\/v2\/types\/page"}],"author":[{"embeddable":true,"href":"https:\/\/vesaniart.com\/en\/wp-json\/wp\/v2\/users\/1"}],"replies":[{"embeddable":true,"href":"https:\/\/vesaniart.com\/en\/wp-json\/wp\/v2\/comments?post=1350"}],"version-history":[{"count":3,"href":"https:\/\/vesaniart.com\/en\/wp-json\/wp\/v2\/pages\/1350\/revisions"}],"predecessor-version":[{"id":1517,"href":"https:\/\/vesaniart.com\/en\/wp-json\/wp\/v2\/pages\/1350\/revisions\/1517"}],"up":[{"embeddable":true,"href":"https:\/\/vesaniart.com\/en\/wp-json\/wp\/v2\/pages\/33"}],"wp:attachment":[{"href":"https:\/\/vesaniart.com\/en\/wp-json\/wp\/v2\/media?parent=1350"}],"curies":[{"name":"wp","href":"https:\/\/api.w.org\/{rel}","templated":true}]}}