{"id":1095,"date":"2018-05-09T09:49:35","date_gmt":"2018-05-09T09:49:35","guid":{"rendered":"https:\/\/vesaniart.com\/?page_id=1095"},"modified":"2022-12-10T21:59:10","modified_gmt":"2022-12-10T21:59:10","slug":"curriculum-bio","status":"publish","type":"page","link":"https:\/\/vesaniart.com\/en\/artistas\/ahmad-ghoreishi\/curriculum-bio","title":{"rendered":"Curriculum\/Bio"},"content":{"rendered":"<p>[vc_row css_animation=&#8221;&#8221; row_type=&#8221;row&#8221; use_row_as_full_screen_section=&#8221;no&#8221; type=&#8221;full_width&#8221; angled_section=&#8221;no&#8221; text_align=&#8221;left&#8221; background_image_as_pattern=&#8221;without_pattern&#8221; z_index=&#8221;&#8221;][vc_column width=&#8221;1\/4&#8243;][vc_single_image image=&#8221;5057&#8243; qode_css_animation=&#8221;&#8221;][vc_empty_space][\/vc_column][vc_column width=&#8221;3\/4&#8243;][vc_column_text]<strong>AHMAD GHOREISHI<br \/>\n(Esfahan, Iran 1946)<\/strong><\/p>\n<p>&nbsp;<\/p>\n<p>1946\u00a0\u00a0\u00a0 Born in Esfahan, Iran.<\/p>\n<p>1972\u00a0\u00a0\u00a0 He finished his studies at the Higher Technical School of Architecture of the University of\u00a0 Tehran, Iran.<\/p>\n<p>1982\u00a0\u00a0\u00a0 Establishes his residence in Spain.<\/p>\n<p>1987\u00a0\u00a0\u00a0 He exhibits his Architectural and painting works at the College of Architects of Malaga.<\/p>\n<p>1993 \u00a0\u00a0Homologates his degree of Architect at the Higher Technical School of Architecture of Seville \u00a0\u00a0\u00a0\u00a0and establishes his professional office studio in Benalm\u00e1dena (M\u00e1laga) combining architecture and painting activities.<\/p>\n<p>&nbsp;<\/p>\n<p>ART FAIRS<\/p>\n<p>ARTIST\u00a0 I<span lang=\"en\">nternational Contemporary Art Fair. 26<\/span>\/2-1\/3 Madrid (Spain).<\/p>\n<p>&nbsp;<\/p>\n<p>INDIVIDUAL EXHIBITIONS<\/p>\n<p>1983\u00a0\u00a0\u00a0\u00a0 Casa de la Cultura de Castelldefels &#8211; Acuarelas<\/p>\n<p>1983\u00a0\u00a0\u00a0\u00a0 Ateneo de Sardanyola<\/p>\n<p>1986\u00a0\u00a0\u00a0\u00a0 Caja de Ahorros de Ronda Fuengirola<\/p>\n<p>1986\u00a0\u00a0\u00a0\u00a0 La\u00a0 obra cultural Caja de Ahorros de M\u00e1laga &#8211; Acuarelas<\/p>\n<p>1986\u00a0\u00a0\u00a0\u00a0 Mijas Hotel &#8211; Acuarelas<\/p>\n<p>1986\u00a0\u00a0\u00a0\u00a0 Hotel Don Carlos, Marbella<\/p>\n<p>1986\u00a0\u00a0\u00a0\u00a0 Casa de Cultura de Arroyo de la Miel<\/p>\n<p>1998\u00a0\u00a0\u00a0\u00a0 Departamento de Residentes Extranjeros, Calahonda, Mijas costa<\/p>\n<p>1988\u00a0\u00a0\u00a0\u00a0 Colegio de Arquitectos de M\u00e1laga<\/p>\n<p>1988\u00a0\u00a0\u00a0\u00a0 Ateneo de M\u00fasica<\/p>\n<p>1988\u00a0\u00a0\u00a0\u00a0 Galer\u00eda &#8220;Emmanuel&#8221;<\/p>\n<p>1988\u00a0\u00a0\u00a0\u00a0 Cortijo de Bacardi, M\u00e1laga<\/p>\n<p>1989\u00a0\u00a0\u00a0\u00a0 Ateneo de M\u00e1laga<\/p>\n<p>1993\u00a0\u00a0\u00a0\u00a0 Casa de la Cultura de Arroyo de la Miel<\/p>\n<p>1993\u00a0\u00a0\u00a0\u00a0 Galer\u00eda &#8220;Nova&#8221;, M\u00e1laga<\/p>\n<p>1994\u00a0\u00a0\u00a0\u00a0 Sala Unicaja, V\u00e9lez M\u00e1laga<\/p>\n<p>1996\u00a0\u00a0\u00a0\u00a0 Sala de Exposiciones de Excmo. Ayuntamiento de Lucena<\/p>\n<p>1997\u00a0\u00a0\u00a0\u00a0 Casa Fuerte de Bezmiliana, Rinc\u00f3n de la Victoria<\/p>\n<p>1997\u00a0\u00a0\u00a0\u00a0 Galer\u00eda Denise, M\u00e1laga<\/p>\n<p>2002\u00a0\u00a0\u00a0\u00a0 Galer\u00eda Art Gea<\/p>\n<p>2002\u00a0\u00a0\u00a0\u00a0 Galer\u00eda Reina en el Tivoli, Benalm\u00e1dena<\/p>\n<p>2002\u00a0\u00a0\u00a0\u00a0 Castillo Bil-Bil, Benalm\u00e1dena<\/p>\n<p>2002\u00a0\u00a0\u00a0\u00a0 \u00c1mbito Cultural del Corte Ingl\u00e9s, M\u00e1laga<\/p>\n<p>2003\u00a0\u00a0\u00a0\u00a0 Galer\u00eda Doble Helis, Sevilla<\/p>\n<p>2008\u00a0\u00a0\u00a0\u00a0 Galer\u00eda Henarte, M\u00e1laga<\/p>\n<p>2012\u00a0\u00a0\u00a0\u00a0 Sala Ibn Al jatib<\/p>\n<p>2013\u00a0\u00a0\u00a0\u00a0 Sala Axarqu\u00eda\u00a0 Bezmiliana<\/p>\n<p>2014\u00a0\u00a0\u00a0 Sala de Arte Robet Harvey, Benagalb\u00f3n<\/p>\n<p>2015\u00a0\u00a0\u00a0\u00a0 Sala Manuel Barbadillo, M\u00e1laga<\/p>\n<p>2016\u00a0\u00a0\u00a0\u00a0 Sala MrRoh, Fuengirola<\/p>\n<p>2016\u00a0\u00a0\u00a0\u00a0 Sala Santosa, Benalm\u00e1dena<\/p>\n<p>2016\u00a0\u00a0\u00a0\u00a0 Galer\u00eda Ark en ciel Maite Bejar, C\u00f3rdoba<\/p>\n<p>2016\u00a0\u00a0\u00a0\u00a0 Feria de Arte Monaco, ART TENTATION -2016<\/p>\n<p>2017\u00a0\u00a0\u00a0\u00a0 Sala de Exposiciones, El Port\u00f3n Alhaur\u00edn de la Torre , (\u201cEn El Espejo\u201d)<\/p>\n<p>2018\u00a0\u00a0\u00a0 La Sala de Exposiciones, Biblioteca Municipal, (\u201cAcordes y Sensaciones\u201d) Alhaur\u00edn El Grande<\/p>\n<p>2018\u00a0\u00a0\u00a0 Sala Alfajar Exposici\u00f3n de Pintura y Escultura y Cer\u00e1mica\u00a0 (\u201cExpresiones\u201d)<\/p>\n<p>2018\u00a0\u00a0\u00a0 Galer\u00eda Mirel Fuengirola<\/p>\n<p>&nbsp;<\/p>\n<p>COLLECTIVE EXHIBITIONS<\/p>\n<p>1983\u00a0\u00a0\u00a0\u00a0 Galer\u00eda &#8220;Nadal&#8221;, Palma de Mallorca<\/p>\n<p>1987\u00a0\u00a0\u00a0\u00a0 Caja sur, Marbella<\/p>\n<p>1987\u00a0\u00a0\u00a0\u00a0 Cortijo Bacardi<\/p>\n<p>1988\u00a0\u00a0\u00a0\u00a0 Caja de Ahorros de M\u00e1laga<\/p>\n<p>1990\u00a0\u00a0\u00a0\u00a0 Caja de Ahorros de Alicante.\u00a0 X Concurso Nacional de Pintura.<\/p>\n<p>1991\u00a0\u00a0\u00a0\u00a0 Caja Provincial de Ahorros\u00a0 de C\u00f3rdoba.\u00a0 Gana el PRIMER PREMIO &#8220;Premio Gaud\u00ed de Acuarela\u201d<\/p>\n<p>1992\u00a0\u00a0\u00a0\u00a0 Museo de Bellas Artes de M\u00e1laga &#8220;La\u00a0 Colecci\u00f3n de Arte del Colegio Arquitectos de M\u00e1laga&#8221;<\/p>\n<p>1993\u00a0\u00a0\u00a0\u00a0 Colegio de Arquitectos de M\u00e1laga &#8220;Supermercado de Arte&#8221;<\/p>\n<p>1993\u00a0\u00a0\u00a0\u00a0 Ayuntamiento de Osuna, Sevilla<\/p>\n<p>1993\u00a0\u00a0\u00a0\u00a0 Sal\u00f3n &#8220;Club Antares&#8221;, Sevilla<\/p>\n<p>1993\u00a0\u00a0\u00a0\u00a0 &#8220;Agrupaci\u00f3n de acuarelistas de Andaluc\u00eda&#8221;, Sevilla<\/p>\n<p>1994\u00a0\u00a0\u00a0\u00a0 Casa Larios, Torre del Mar<\/p>\n<p>1995\u00a0\u00a0\u00a0\u00a0 Palacio de Miramar, &#8220;El Arte da m\u00e1s&#8221;<\/p>\n<p>1995\u00a0\u00a0\u00a0\u00a0 Palacio de Miramar, &#8220;Somos iguales. Somos diferentes&#8221;<\/p>\n<p>1996\u00a0\u00a0\u00a0\u00a0 Palacio de Miramar, &#8220;Agrupaci\u00f3n de Acuarelistas de Andaluc\u00eda&#8221;<\/p>\n<p>1996\u00a0\u00a0\u00a0\u00a0 Palacio de Miramar, &#8220;La Colecci\u00f3n de Ateneo de M\u00e1laga&#8221;<\/p>\n<p>1996\u00a0\u00a0\u00a0\u00a0 Galer\u00eda de Estrella, M\u00e1laga<\/p>\n<p>1996\u00a0\u00a0\u00a0\u00a0 IV Bienal de la Acuarela, &#8220;Patronato del Museo de Acuarela Llanca&#8221;<\/p>\n<p>1997\u00a0\u00a0\u00a0\u00a0 Espacio Tres, &#8220;Asociados de APLAMA&#8221;<\/p>\n<p>1997\u00a0\u00a0\u00a0\u00a0 El arte en la sociedad de informaci\u00f3n\u00a0 &#8220;OBEC.97&#8221;\u00a0 UNIVERSIDAD DE MALAGA<\/p>\n<p>1998\u00a0\u00a0 \u00a0\u00a0Diputaci\u00f3n Provincial de M\u00e1laga, APLAMA Asociaci\u00f3n Artistas Pl\u00e1sticos M\u00e1laga<\/p>\n<p>1998\u00a0\u00a0\u00a0\u00a0 Exhibici\u00f3n en homenaje al pintor Pedro Mendoza en la Caja Rural de M\u00e1laga<\/p>\n<p>1999\u00a0\u00a0\u00a0\u00a0 MAC 21, M\u00e1laga<\/p>\n<p>2001\u00a0\u00a0\u00a0\u00a0 ARTE Sevilla, Palacio de Congresos<\/p>\n<p>2001\u00a0\u00a0\u00a0\u00a0 Exposici\u00f3n en la Casa de la Cultura de Churriana, M\u00e1laga<\/p>\n<p>2001\u00a0\u00a0\u00a0\u00a0 Seleccionado en la Feria de Zaragoza<\/p>\n<p>2001\u00a0\u00a0\u00a0\u00a0 Selecci\u00f3n Fundaci\u00f3n VIPREN, C\u00e1diz<\/p>\n<p>2001\u00a0\u00a0\u00a0\u00a0 Galer\u00eda Arte Gea, Torremolinos<\/p>\n<p>2002\u00a0\u00a0\u00a0\u00a0 Galer\u00eda Doble Helis, Sevilla<\/p>\n<p>2003\u00a0\u00a0\u00a0\u00a0 Excmo. Ayuntamiento Torremolinos, Acci\u00f3n por Galicia<\/p>\n<p>2003\u00a0\u00a0\u00a0\u00a0 Excmo. Ayuntamiento Torremolinos, homenaje a Manuel Naranjo<\/p>\n<p>2006\u00a0\u00a0\u00a0\u00a0 Regal Arte, Galer\u00eda Art Gea<\/p>\n<p>2007\u00a0\u00a0\u00a0\u00a0 Galer\u00eda Henarte, M\u00e1laga<\/p>\n<p>2007\u00a0\u00a0\u00a0\u00a0 Certamen de Acuarela, Benalm\u00e1dena<\/p>\n<p>2008\u00a0\u00a0\u00a0\u00a0 Galer\u00eda Henarte, M\u00e1laga<\/p>\n<p>2013\u00a0\u00a0\u00a0\u00a0 &#8220;Presencias 35&#8221;\u00a0APLAMA, Diputaci\u00f3n de M\u00e1laga<\/p>\n<p>2014\u00a0\u00a0\u00a0\u00a0 &#8220;Presencias 37&#8221;\u00a0APLAMA<\/p>\n<p>2014\u00a0\u00a0\u00a0\u00a0 OBRAS SOBRE PAPEL, Centro cultural provincial Mar\u00eda Victoria Atencia, M\u00e1laga<\/p>\n<p>2014\u00a0\u00a0\u00a0\u00a0 &#8220;Presencias 40&#8221;\u00a0APLAMA,\u00a0 Peque\u00f1o Formato<\/p>\n<p>2015\u00a0\u00a0\u00a0\u00a0 &#8220;Presencias 41 &#8211; Arte Malacitano 2015&#8221; en la sede de Diputaci\u00f3n de M\u00e1laga<\/p>\n<p>2015\u00a0\u00a0\u00a0\u00a0 Pintura Contempor\u00e1nea Ciudad Torremolinos, Centro Cultural Pablo Ruiz Picasso<\/p>\n<p>2015\u00a0\u00a0\u00a0\u00a0 Intervenci\u00f3n en el Jard\u00edn Bot\u00e1nico La Concepci\u00f3n, M\u00e1laga en el marco de &#8220;Caprichos&#8221;<\/p>\n<p>2016\u00a0\u00a0\u00a0\u00a0 Intervenci\u00f3n en el Jard\u00edn Bot\u00e1nico La Concepci\u00f3n M\u00e1laga en el marco de&#8221;Caprichos&#8221;<\/p>\n<p>2016\u00a0\u00a0\u00a0\u00a0 Galer\u00eda Caja Blanca, Buenos Aires. (4 estaciones oto\u00f1o)<\/p>\n<p>2016\u00a0\u00a0\u00a0\u00a0 Museo de la ciudad Fuengirola, Grabados<\/p>\n<p>2016\u00a0\u00a0\u00a0\u00a0 La noche se hace Arte\u00a0\u00a0 Churriana<\/p>\n<p>2016\u00a0\u00a0\u00a0\u00a0 El dibujo con May\u00fascula II. Centro Cultural Mar\u00eda Victoria Atencia Diputaci\u00f3n de M\u00e1laga<\/p>\n<p>2016\u00a0\u00a0\u00a0\u00a0 Exposici\u00f3n y <a href=\"https:\/\/www.google.es\/url?sa=t&#038;rct=j&#038;q=&#038;esrc=s&#038;source=web&#038;cd=1&#038;cad=rja&#038;uact=8&#038;ved=0ahUKEwjPsMrj74nOAhXG7RQKHRWNCiMQFggeMAA&#038;url=http%3A%2F%2Fcacmalaga.eu%2F2016%2F07%2F15%2Fsubasta%2F&#038;usg=AFQjCNHmLqFrzHUJA8-Qu7fk0KH-7_Lfww&#038;sig2=Rw-EREh0wz2NXa4hZ2Ql6A\">Subasta &#8211; Centro de arte contempor\u00e1neo de M\u00e1laga<\/a>. CAC<\/p>\n<p>2016\u00a0\u00a0\u00a0\u00a0 Espacio Cultural Osvaldo Lobalzo\u00a0 Sotogrande<\/p>\n<p>2016\u00a0\u00a0\u00a0\u00a0 Casa de la\u00a0 Cultura Fuengirola\u00a0 Exposici\u00f3n del taller de grabado<\/p>\n<p>2016\u00a0\u00a0\u00a0\u00a0 Exposici\u00f3n\u00a0\u00a0\u00a0 Aplama\u00a0 en El Palmeral<\/p>\n<p>2016\u00a0\u00a0\u00a0\u00a0 Feria de Arte M\u00f3naco , ART TENTATION -2016<\/p>\n<p>2017\u00a0\u00a0 &#8220;Presencias 44&#8243;\u00a0Aplama, de la figuraci\u00f3n a la abstracci\u00f3n ,Diputaci\u00f3n de M\u00e1laga<\/p>\n<p>2017\u00a0 \u00a0\u00a0Ahmad Ghoreishi\u00a0\u00a0 &#8221;\u00a0En el espejo &#8221;\u00a0Sala de Exposiciones En El Port\u00f3n<\/p>\n<p>2017\u00a0\u00a0\u00a0\u00a0 XII encuentro de amigos de Robert Harvey ,Ayto Macharaviaya<\/p>\n<p>2017\u00a0\u00a0\u00a0 Primer premio del XVIII Certamen Andaluz de Pintura Contempor\u00e1nea Torremolinos<\/p>\n<p>2017\u00a0\u00a0 \u00a0Finalistas del XVIII Certamen Andaluz de Pintura Contempor\u00e1nea Ciudad de Torremolinos<\/p>\n<p>2017\u00a0\u00a0\u00a0 Interpretaciones Mujeres Poetas del 27 , Artistas Pl\u00e1sticos\u00a0 del XXI, Sala de Exposiciones Manuel Barbadillo<\/p>\n<p>2017\u00a0\u00a0\u00a0\u00a0 I Bienal de Dibujo Contempor\u00e1neo; LAS HUELLAS DEL DIBUJO; Fundaci\u00f3n Unicaja Sala Manuel Barbadillo, M\u00e1laga<\/p>\n<p>2018 \u00a0\u00a0\u00a0Fronteras de Sal Exposici\u00f3n pintura y escultura,\u00a0 Centro de Estudios\u00a0 Hispano Marroqu\u00ed, M\u00e1laga<\/p>\n<p>2018 \u00a0\u00a0\u00a0XIII encuentro de amigos Robert Harvey. Ayto. Macharaviaya, subasta Cuadernos de Boceto<\/p>\n<p>2018\u00a0\u00a0\u00a0 Las Huellas\u00a0 de los Metales,\u00a0 Sala de Exposiciones Biblioteca Municipal Alhaur\u00cdn El Grande<\/p>\n<p>2019\u00a0\u00a0\u00a0 RED GLOW , Galer\u00eda\u00a0 Novel\u00e9 Vague , Marbella<\/p>\n<p>2019\u00a0\u00a0 ONRICA- Antigua Diputaci\u00f3n de M\u00e1laga<\/p>\n<p>2019\u00a0 \u00a0XIV Muestra de Pintura. Excmo. colegio Oficial de Graduados Sociales de M\u00e1laga y Melilla<\/p>\n<p>&nbsp;<\/p>\n<p>COLLECTIONS<\/p>\n<ul>\n<li>Caja Provincial de Ahorros\u00a0 de C\u00f3rdoba.<\/li>\n<li>Colegio de Arquitectos\u00a0 de M\u00e1laga.<\/li>\n<li>Cortijo de Bacardi de M\u00e1laga.<\/li>\n<li>Ateneo de M\u00fasica de<\/li>\n<li>Galer\u00eda Arte Gea, Torremolinos.<\/li>\n<li>Ateneo de M\u00e1laga.<\/li>\n<li>Excmo. Ayuntamiento, Benalm\u00e1dena.<\/li>\n<li>I.E.S. Bezmiliana, Rinc\u00f3n de La Victoria.<\/li>\n<li>Excmo. Ayuntamiento, Alhaurin El Grande<\/li>\n<li>Ayuntamiento, Alhaurin de La Torre<\/li>\n<li>Colecciones privadas en Estados Unidos, Inglaterra, Alemania, Suiza e\u00a0 Ir\u00e1n<\/li>\n<li>Excmo. Ayuntamiento, Torremolinos<\/li>\n<\/ul>\n<p>&nbsp;<\/p>\n<p>BIBLIOGRAPHY<\/p>\n<ul>\n<li>1996 \u00a0Commentary on the exhibition in the Exhibition Hall of the city of Lucena Townhall written by Miguel Rold\u00e1n<\/li>\n<li>2001 \u00a0Publication in Italian of the conference at the University of Rome under the title &#8220;The\u00a0 Historic\u00a0 City in the Iranian context &#8221; in the magazine of the University of Laberinto Della metr\u00f3poli.<\/li>\n<li>1987 \u00a0\u00a0Commentary on the exhibition by D. Jacinto Esteban in the Exhibition Hall of the Arroyo de la\u00a0\u00a0 Miel House of Culture named &#8220;Ahmad Ghoreishi, the architect of color&#8221; \u2013 \u00c1mbito Cultural\u00a0 \u201cEl Corte Ingl\u00e9s\u201d<\/li>\n<li>2002 Francisco Jurado Ternero, President of the Association of Plastic Artists of Malaga (APLAMA)<\/li>\n<li>2002 &#8220;AHMAD GHOREISHI, Symphonies of Color&#8221; by Lurdes Jim\u00e9nez Fern\u00e1ndez, Art historian, commentary for art exhibition \u00a0\u201cGea\u201d.<\/li>\n<li>2002 &#8220;AHMAD GHOREISHI&#8221; commentary by Mr. Manuel Pimentel. Bil-Bil Castle Exhibition<\/li>\n<li>1983 The But LLEETI De Castelldefels IV, Number 47 &#8211; Sep. &#8220;Ghoreishi Iranian architect offers us \u00a0his Art&#8221;<\/li>\n<li>1986 IRANIAN PAINTER GHOREISHI \u2013 \u201cSUR in English\u201d newspaper &#8211; 20\/10 Diario Sur M\u00e1laga<\/li>\n<li>\u201cAN EXHIBITION OF THE IRANIAN GHOREISHI\u201d \u2013D. Jose Mayorga March \u20131986<\/li>\n<li>\u00a0Painting projection by Ahmad Ghoreishi with poems by Rafael &#8211; Jos\u00e9 D\u00edaz at the Cultural Center of the\u00a0\u00a0\u00a0 27 Generation Diputaci\u00f3n de M\u00e1laga &#8211; Feb 27, 2003. Ahmad Ghoreishi Notebook Cover<\/li>\n<li>2004\u00a0\u00a0 \u00a0Promotion of painting in the magazine &#8220;EL MAQUINISTA&#8221; N\u00ba7 FEB. Pg. 95<\/li>\n<li>2008 Commentary by Joan Llu\u00eds Montan\u00e9 about Exhibition at Henarte Gallery, International \u00a0\u00a0\u00a0\u00a0\u00a0\u00a0\u00a0\u00a0\u00a0\u00a0\u00a0\u00a0\u00a0\u00a0\u00a0\u00a0Association of Art Critics<\/li>\n<li>2012\u00a0 \u00a0Commentary by Fernando de la Rosa on the exhibition of \u201cCOLOR SPIRIT\u201d<\/li>\n<li>2012\u00a0 \u00a0Commentary by Juan Lopez Rueda on the exhibitiion of \u201c COLOR SPIRIT\u201dat the \u00a0Ibn Al Jatib Hall<\/li>\n<li>2013 Commentary on the Exhibition in Sala Axarquia<\/li>\n<li>2014 Second half of March. N\u00ba60 &#8211; The Newspaper &#8220;AHMAD GHOREISHI, the Subtlety in Abstraction&#8221; written by the poet and writer Francisco Aranda Cadenas.<\/li>\n<li>2014\u00a0 \u00a0Commentary by Enrique D\u00edaz on the Exhibition &#8220;ARQUITECTURA EFIMERA&#8221; in the Robert Harvey Art Hall.<\/li>\n<li>2014 \u00a0&#8220;La Voz de Hoy&#8221; digital newspaper of Rincon de la Victoria. &#8220;The Robert Harvey Hall shows the ephemeral architecture of Ahmad Ghoreishi&#8221; By LVDH.<\/li>\n<li>2014 &#8220;AHMAD GHOREISHI&#8221; Commentary by Mr. Francisco Jurado Ternero, President of the Association of Plastic Artists of Malaga (APLAMA)<\/li>\n<li>2015 \u00a0\u201cPTV Television M\u00e1laga\u201d interview: \u201cThe New Malague\u00f1os\u201d on PTV M\u00e1laga &#8211; February 25<\/li>\n<li>2016\u00a0 \u00a0\u201cSensitivity Transparencies\u201d &#8211; Ahmad Ghoreishi<\/li>\n<li>2016 \u00a0Commentary from Manuel Gonz\u00e1lez<\/li>\n<li>2016 \u00a0Interview on Television Mezquita C\u00f3rdoba &#8211; April 26.<\/li>\n<li>2016 Commentary by Manuel Robles L\u00f3pez: \u201cExtraordinary and expressive the painting that Ahmad Ghoreishi shows us in which you can see a range of blue colors that confer freshness and depth.<\/li>\n<li>\u00a02017 Interview with Monica Canasco published in EME CERAMIC Blog2017 Commentary by Antonio Yesa<\/li>\n<li>2017 Commentary by Sandra Mart\u00ednez C\u00e9spedes for the Exhibition in \u201cEl Port\u00f3n\u201d<\/li>\n<li>2017 \u00a0Commentary by Jacinto Esteban for the Exhibition in \u201cEl Port\u00f3n\u201d<\/li>\n<li>2017 \u00a0Commentary from The Mayor of Alhaur\u00edn de la Torre, Mr. Joaqu\u00edn Villanueva Rueda<\/li>\n<li>\u00a02017 \u00a0Commentary of Mr. Mario Perez Cantero, Councilor of Culture of Alhaurin de la Torre Townhall<\/li>\n<li>2017 Commentary from the digital magazine \u201cEl \u00c1gora de Alhaur\u00edn\u201d<\/li>\n<li>\u00a02017\u00a0 Interview on Alhaur\u00edn de la Torre Television, Cultural program presented by Sumaya Chahir<\/li>\n<li>2017 BLOG MALAGA:\u00a0 \u00a0Ahmad Ghoreishi wins the XVIII City Torremolinos Painting Contest of<\/li>\n<li>2017 Actualidad Torremolinos: \u00a0Ahmad Ghoreishi wins the\u201d XVIII City of Torremolinos Painting Contest<\/li>\n<li>2017 Commentary by Fernando de la Rosa<\/li>\n<\/ul>\n<p>[\/vc_column_text][\/vc_column][\/vc_row]<\/p>\n","protected":false},"excerpt":{"rendered":"[vc_row css_animation=&#8221;&#8221; row_type=&#8221;row&#8221; use_row_as_full_screen_section=&#8221;no&#8221; type=&#8221;full_width&#8221; angled_section=&#8221;no&#8221; text_align=&#8221;left&#8221; background_image_as_pattern=&#8221;without_pattern&#8221; z_index=&#8221;&#8221;][vc_column width=&#8221;1\/4&#8243;][vc_single_image image=&#8221;5057&#8243; qode_css_animation=&#8221;&#8221;][vc_empty_space][\/vc_column][vc_column width=&#8221;3\/4&#8243;][vc_column_text]AHMAD GHOREISHI (Esfahan, Iran 1946) &nbsp; 1946\u00a0\u00a0\u00a0 Born in Esfahan, Iran. 1972\u00a0\u00a0\u00a0 He finished his studies at the Higher Technical School of Architecture of the University of\u00a0 Tehran, Iran. 1982\u00a0\u00a0\u00a0 Establishes his residence in Spain. 1987\u00a0\u00a0\u00a0 He exhibits his Architectural and painting works at the College of Architects of Malaga. 1993 \u00a0\u00a0Homologates his degree of Architect at the Higher Technical School of Architecture&#8230;","protected":false},"author":1,"featured_media":0,"parent":1104,"menu_order":0,"comment_status":"closed","ping_status":"closed","template":"","meta":{"footnotes":"","_links_to":"","_links_to_target":""},"_links":{"self":[{"href":"https:\/\/vesaniart.com\/en\/wp-json\/wp\/v2\/pages\/1095"}],"collection":[{"href":"https:\/\/vesaniart.com\/en\/wp-json\/wp\/v2\/pages"}],"about":[{"href":"https:\/\/vesaniart.com\/en\/wp-json\/wp\/v2\/types\/page"}],"author":[{"embeddable":true,"href":"https:\/\/vesaniart.com\/en\/wp-json\/wp\/v2\/users\/1"}],"replies":[{"embeddable":true,"href":"https:\/\/vesaniart.com\/en\/wp-json\/wp\/v2\/comments?post=1095"}],"version-history":[{"count":65,"href":"https:\/\/vesaniart.com\/en\/wp-json\/wp\/v2\/pages\/1095\/revisions"}],"predecessor-version":[{"id":5074,"href":"https:\/\/vesaniart.com\/en\/wp-json\/wp\/v2\/pages\/1095\/revisions\/5074"}],"up":[{"embeddable":true,"href":"https:\/\/vesaniart.com\/en\/wp-json\/wp\/v2\/pages\/1104"}],"wp:attachment":[{"href":"https:\/\/vesaniart.com\/en\/wp-json\/wp\/v2\/media?parent=1095"}],"curies":[{"name":"wp","href":"https:\/\/api.w.org\/{rel}","templated":true}]}}